{"id":343,"date":"2020-09-25T12:26:14","date_gmt":"2020-09-25T12:26:14","guid":{"rendered":"https:\/\/staging.mittelalterkraemer.de\/?product=paternoster"},"modified":"2021-03-06T13:02:16","modified_gmt":"2021-03-06T11:02:16","slug":"paternoster","status":"publish","type":"product","link":"https:\/\/staging.mittelalterkraemer.de\/?product=paternoster","title":{"rendered":"Paternoster"},"content":{"rendered":"<p>Gebetskette aus 50 Holzperlen mit 2 Puscheln versch\u00f6nert.<br \/>\nL\u00e4nge: 57 cm<\/p>\n<p><b>Die Gebetskette war in dieser oder \u00e4hnlichen Form in allen gro\u00dfen Religionen \u00fcblich. In der katholischen Kirche setzte sich ab Ende des 14. Jahrhunderts langsam der Rosenkranz durch, der noch durch zus\u00e4tzliche Gebete (&#8220;Ehre sei dem Vater&#8221; &amp; &#8220;Glaubensbekenntnis&#8221;) erg\u00e4nzt wurde. Der Paternoster besteht aus 6 gro\u00dfen Perlen, zwischen denen jeweils 10 kleine aufgezogen wurden und ist zwei schwarzen Puscheln aus Wolle verziert. Die gro\u00dfen Holzperlen stehen f\u00fcr &#8220;Vaterunser&#8221;-Gebete (lateinisch: Pater Noster), die kleinen f\u00fcr &#8220;Ave Maria&#8221;s.<\/b><\/p>\n<p>Die Kette wurde nach Abschluss aller Gebete wieder zur\u00fcckgez\u00e4hlt, und war durch diese Bewegung auch namensgebend f\u00fcr den Paternoster-Aufzug (Obwohl dieser streng genommen eher wie ein Rosenkranz funktioniert, also sich ununterbrochen im Kreis dreht und sich nicht hin und her bewegt wie der Paternoster.).<br \/>\nIm Islam ist diese Gebetskette fast gleich wie bei uns im Hochmittelalter als Spielzeug und Schmuckst\u00fcck speziell f\u00fcr M\u00e4nner erhalten.<br \/>\nAber auch in der Ostkirche gibt es die Gebetsketten meist in deutlich k\u00fcrzerer Form (auch oft als M\u00e4nnerspielzeug st\u00e4ndig in der Hand gehalten).<\/p>\n<p>&nbsp;<\/p>\n<p><span style=\"font-size: 75%;\">Dekorationsartikel geh\u00f6ren nicht zum Lieferumfang<\/span><\/p>\n","protected":false},"excerpt":{"rendered":"<p>Gebetskette aus 50 Holzperlen mit 2 Puscheln versch\u00f6nert. L\u00e4nge: 57 cm Die Gebetskette war in dieser oder \u00e4hnlichen Form in allen gro\u00dfen Religionen \u00fcblich. In der katholischen Kirche setzte sich ab Ende des 14. Jahrhunderts langsam der Rosenkranz durch, der noch durch zus\u00e4tzliche Gebete (&#8220;Ehre sei dem Vater&#8221; &amp; &#8220;Glaubensbekenntnis&#8221;) erg\u00e4nzt wurde. Der Paternoster besteht [&#8230;]\n","protected":false},"featured_media":344,"comment_status":"open","ping_status":"closed","template":"","meta":[],"product_cat":[77,130],"product_tag":[],"class_list":{"0":"post-343","1":"product","2":"type-product","3":"status-publish","4":"has-post-thumbnail","6":"product_cat-accessoires","7":"product_cat-geschmeide-sakramentale","8":"product_shipping_class-stdversand","9":"tm-no-options","11":"first","12":"instock","13":"taxable","14":"shipping-taxable","15":"purchasable","16":"product-type-variable"},"_links":{"self":[{"href":"https:\/\/staging.mittelalterkraemer.de\/index.php?rest_route=\/wp\/v2\/product\/343","targetHints":{"allow":["GET"]}}],"collection":[{"href":"https:\/\/staging.mittelalterkraemer.de\/index.php?rest_route=\/wp\/v2\/product"}],"about":[{"href":"https:\/\/staging.mittelalterkraemer.de\/index.php?rest_route=\/wp\/v2\/types\/product"}],"replies":[{"embeddable":true,"href":"https:\/\/staging.mittelalterkraemer.de\/index.php?rest_route=%2Fwp%2Fv2%2Fcomments&post=343"}],"wp:featuredmedia":[{"embeddable":true,"href":"https:\/\/staging.mittelalterkraemer.de\/index.php?rest_route=\/wp\/v2\/media\/344"}],"wp:attachment":[{"href":"https:\/\/staging.mittelalterkraemer.de\/index.php?rest_route=%2Fwp%2Fv2%2Fmedia&parent=343"}],"wp:term":[{"taxonomy":"product_cat","embeddable":true,"href":"https:\/\/staging.mittelalterkraemer.de\/index.php?rest_route=%2Fwp%2Fv2%2Fproduct_cat&post=343"},{"taxonomy":"product_tag","embeddable":true,"href":"https:\/\/staging.mittelalterkraemer.de\/index.php?rest_route=%2Fwp%2Fv2%2Fproduct_tag&post=343"}],"curies":[{"name":"wp","href":"https:\/\/api.w.org\/{rel}","templated":true}]}}