{"id":337,"date":"2020-09-25T12:26:14","date_gmt":"2020-09-25T12:26:14","guid":{"rendered":"https:\/\/staging.mittelalterkraemer.de\/?product=soldatenplane-bzw-reisepaket"},"modified":"2021-03-06T13:04:34","modified_gmt":"2021-03-06T11:04:34","slug":"soldatenplane-bzw-reisepaket","status":"publish","type":"product","link":"https:\/\/staging.mittelalterkraemer.de\/?product=soldatenplane-bzw-reisepaket","title":{"rendered":"Soldatenplane bzw. Reisepaket"},"content":{"rendered":"<p>Rechteckige Zeltplane aus Leinen oder Baumwolle<br \/>\nGr\u00f6\u00dfe: 2 x 1,5 Meter<br \/>\nBaumwolle: 300g\/qm<br \/>\nLeinen: 550g\/qm<\/p>\n<p>In 3-5 Werktagen lieferbar!<\/p>\n<p><b>Eine Rechteckige Plane aus Baumwolle oder Leinen mit den Ma\u00dfen 2 auf 1,5 Meter. Die Ecken sind verst\u00e4rkt und es gibt 6 M\u00f6glichkeiten Seile zu befestigen. Es werden zehn Meter Leinenseil mitgeliefert. Diese Plane bietet dem einfachen Soldaten eine bescheidenes Dach \u00fcber dem Kopf, bietet aber eben auch die M\u00f6glichkeit seine Habseligkeiten f\u00fcr Reisen zu einem B\u00fcndel zu schn\u00fcren.<\/b><\/p>\n<p>&nbsp;<\/p>\n<p>Ritter und Adelige lie\u00dfen sich oft auf ihren Feldz\u00fcgen von mehr oder weniger kleinen Gruppen von Bauern und Dienstmannen aus ihrem Lehen begleiten. Der Herr stellte die Ausr\u00fcstung und ihren Kommandanten. Bestenfalls beteiligte er sich noch an der Bezahlung des Proviants, aber ansonsten waren die Waffenknechte weitestgehend auf sich alleine gestellt. Hatten nicht mal mehr unbedingt direkten Kontakt zu ihrem Herrn bis zu ihrer R\u00fcckkehr.<br \/>\nGerade f\u00fcr die einfachen Leute ist diese einfache Plane als Dach und Rucksack gedacht.<\/p>\n<p>Baumwolle war zwar bekannt, aber ein edler Stoff der niemals f\u00fcr solche einfachen Planen verwendet werden w\u00fcrde. Leinen ist leider aber heute der teurere Werkstoff.<\/p>\n<p><span style=\"font-size: 75%;\">Dekorationsartikel geh\u00f6ren nicht zum Lieferumfang<\/span><\/p>\n","protected":false},"excerpt":{"rendered":"<p>Rechteckige Zeltplane aus Leinen oder Baumwolle Gr\u00f6\u00dfe: 2 x 1,5 Meter Baumwolle: 300g\/qm Leinen: 550g\/qm In 3-5 Werktagen lieferbar! Eine Rechteckige Plane aus Baumwolle oder Leinen mit den Ma\u00dfen 2 auf 1,5 Meter. Die Ecken sind verst\u00e4rkt und es gibt 6 M\u00f6glichkeiten Seile zu befestigen. Es werden zehn Meter Leinenseil mitgeliefert. Diese Plane bietet dem [&#8230;]\n","protected":false},"featured_media":338,"comment_status":"open","ping_status":"closed","template":"","meta":[],"product_cat":[82],"product_tag":[],"class_list":{"0":"post-337","1":"product","2":"type-product","3":"status-publish","4":"has-post-thumbnail","6":"product_cat-zelte","7":"product_shipping_class-stdversand","8":"tm-has-options","10":"first","11":"instock","12":"taxable","13":"shipping-taxable","14":"purchasable","15":"product-type-simple"},"_links":{"self":[{"href":"https:\/\/staging.mittelalterkraemer.de\/index.php?rest_route=\/wp\/v2\/product\/337","targetHints":{"allow":["GET"]}}],"collection":[{"href":"https:\/\/staging.mittelalterkraemer.de\/index.php?rest_route=\/wp\/v2\/product"}],"about":[{"href":"https:\/\/staging.mittelalterkraemer.de\/index.php?rest_route=\/wp\/v2\/types\/product"}],"replies":[{"embeddable":true,"href":"https:\/\/staging.mittelalterkraemer.de\/index.php?rest_route=%2Fwp%2Fv2%2Fcomments&post=337"}],"wp:featuredmedia":[{"embeddable":true,"href":"https:\/\/staging.mittelalterkraemer.de\/index.php?rest_route=\/wp\/v2\/media\/338"}],"wp:attachment":[{"href":"https:\/\/staging.mittelalterkraemer.de\/index.php?rest_route=%2Fwp%2Fv2%2Fmedia&parent=337"}],"wp:term":[{"taxonomy":"product_cat","embeddable":true,"href":"https:\/\/staging.mittelalterkraemer.de\/index.php?rest_route=%2Fwp%2Fv2%2Fproduct_cat&post=337"},{"taxonomy":"product_tag","embeddable":true,"href":"https:\/\/staging.mittelalterkraemer.de\/index.php?rest_route=%2Fwp%2Fv2%2Fproduct_tag&post=337"}],"curies":[{"name":"wp","href":"https:\/\/api.w.org\/{rel}","templated":true}]}}