{"id":333,"date":"2020-09-25T12:25:50","date_gmt":"2020-09-25T12:25:50","guid":{"rendered":"https:\/\/staging.mittelalterkraemer.de\/?product=spielzeugmaus"},"modified":"2021-03-06T13:04:41","modified_gmt":"2021-03-06T11:04:41","slug":"spielzeugmaus","status":"publish","type":"product","link":"https:\/\/staging.mittelalterkraemer.de\/?product=spielzeugmaus","title":{"rendered":"Spielzeugmaus"},"content":{"rendered":"<p>Eine Spielzeugmaus aus Naturmaterialien.<br \/>\nH\u00f6he ungef\u00e4hr 21 cm, L\u00e4nge 15 cm und Breite 7 cm.<\/p>\n<p><b>Eine Spielzeugmaus die komplett aus Naturmaterialen besteht.<br \/>\nDas Fell ist aus hellbraunem Wollstoff, die Augen aus Holzperlen, der Schnurrbart aus Hanfgarn, der Schwanz ist aus Rohhaut. Das Ganze ist mit Leinenfaden vern\u00e4ht und verziert und mit Schaffleece ausgestopft. (Siehe Foto)<\/b><\/p>\n<p>Nat\u00fcrlich hatten Kinder im Mittelalter auch in ihrer vergleichsweise kurzen Kindheit Spielsachen. Wobei uns speziell Holzfiguren, Holzpuppen und Stofftiere \u00fcberliefert sind.<\/p>\n<p><span style=\"font-size: 75%;\">Dekorationsartikel geh\u00f6ren nicht zum Lieferumfang<\/span><\/p>\n","protected":false},"excerpt":{"rendered":"<p>Eine Spielzeugmaus aus Naturmaterialien. H\u00f6he ungef\u00e4hr 21 cm, L\u00e4nge 15 cm und Breite 7 cm. Eine Spielzeugmaus die komplett aus Naturmaterialen besteht. Das Fell ist aus hellbraunem Wollstoff, die Augen aus Holzperlen, der Schnurrbart aus Hanfgarn, der Schwanz ist aus Rohhaut. Das Ganze ist mit Leinenfaden vern\u00e4ht und verziert und mit Schaffleece ausgestopft. (Siehe Foto) [&#8230;]\n","protected":false},"featured_media":334,"comment_status":"open","ping_status":"closed","template":"","meta":[],"product_cat":[144,79],"product_tag":[],"class_list":{"0":"post-333","1":"product","2":"type-product","3":"status-publish","4":"has-post-thumbnail","6":"product_cat-alltagsgegenstaende","7":"product_cat-fuer-unsere-kleinen","8":"product_shipping_class-stdversand","9":"tm-no-options","11":"first","12":"instock","13":"taxable","14":"shipping-taxable","15":"purchasable","16":"product-type-simple"},"_links":{"self":[{"href":"https:\/\/staging.mittelalterkraemer.de\/index.php?rest_route=\/wp\/v2\/product\/333","targetHints":{"allow":["GET"]}}],"collection":[{"href":"https:\/\/staging.mittelalterkraemer.de\/index.php?rest_route=\/wp\/v2\/product"}],"about":[{"href":"https:\/\/staging.mittelalterkraemer.de\/index.php?rest_route=\/wp\/v2\/types\/product"}],"replies":[{"embeddable":true,"href":"https:\/\/staging.mittelalterkraemer.de\/index.php?rest_route=%2Fwp%2Fv2%2Fcomments&post=333"}],"wp:featuredmedia":[{"embeddable":true,"href":"https:\/\/staging.mittelalterkraemer.de\/index.php?rest_route=\/wp\/v2\/media\/334"}],"wp:attachment":[{"href":"https:\/\/staging.mittelalterkraemer.de\/index.php?rest_route=%2Fwp%2Fv2%2Fmedia&parent=333"}],"wp:term":[{"taxonomy":"product_cat","embeddable":true,"href":"https:\/\/staging.mittelalterkraemer.de\/index.php?rest_route=%2Fwp%2Fv2%2Fproduct_cat&post=333"},{"taxonomy":"product_tag","embeddable":true,"href":"https:\/\/staging.mittelalterkraemer.de\/index.php?rest_route=%2Fwp%2Fv2%2Fproduct_tag&post=333"}],"curies":[{"name":"wp","href":"https:\/\/api.w.org\/{rel}","templated":true}]}}