{"id":3310,"date":"2020-10-08T18:08:12","date_gmt":"2020-10-08T18:08:12","guid":{"rendered":"https:\/\/staging.mittelalterkraemer.de\/?post_type=product&#038;p=3310"},"modified":"2021-03-05T13:11:22","modified_gmt":"2021-03-05T11:11:22","slug":"spaetmittelalter-cotthardie","status":"publish","type":"product","link":"https:\/\/staging.mittelalterkraemer.de\/?product=spaetmittelalter-cotthardie","title":{"rendered":"Sp\u00e4tmittelalter &#8211; Cotthardie"},"content":{"rendered":"<p>Eine gekn\u00f6pfte Cottehardie aus Wolle mit Leinen gef\u00fcttert.<br \/>\nMa\u00dfgeschneidert*<br \/>\nHerstellungsdauer 4 &#8211; 6 Wochen<\/p>\n<p>Alle <a href=\"https:\/\/staging.mittelalterkraemer.de\/?page_id=8722\"><u>Wollfarben<\/u><\/a> und <a href=\"https:\/\/staging.mittelalterkraemer.de\/?page_id=8707\"><u>Leinenfarben<\/u><\/a> die zur Auswahl stehen sind hier zu sehen.<\/p>\n<p>Alle sichtbaren N\u00e4hte und L\u00f6cher sind handvern\u00e4ht.<\/p>\n<p><b><br \/>\nDie Cotthardie hat lange \u00c4rmel und reicht bis knapp auf Schritth\u00f6he und ist damit k\u00fcrzer als die Schecke, au\u00dferdem ist sie aus Wollstoff gefertigt und mit einem andersfarbigen Leinenstoff gef\u00fcttert. Oft unterschieden sich F\u00fctterung und Obermaterial farblich stark und passten nach unseren Ma\u00dfst\u00e4ben \u00fcberhaupt nicht zusammen. Ab der H\u00fcfte sind Keile eingearbeitet. Geschlossen wird die Cottehardie mit ungef\u00e4hr 30 gegossenen Zinnkn\u00f6pfen. Die \u00c4rmel sind an den Unterarmen mit weiteren Kn\u00f6pfen verschlie\u00dfbar.<\/b><\/p>\n<p>&nbsp;<\/p>\n<p><span style=\"font-size: 75%;\">Dekorationsartikel geh\u00f6ren nicht zum Lieferumfang<\/span><\/p>\n<p><span style=\"font-size: 75%;\">*Ma\u00dfgefertigte Produkte werden individuell auf vom Kunden zur Verf\u00fcgung gestellten Ma\u00dfen angefertigt. Die entsprechende Ma\u00dftabelle wird nach Bestellung an die angegebene E-Mail-Adresse versendet. Die Ma\u00dfe m\u00fcssen so genommen werden wie die Kleidung nachher getragen werden soll, also mit entsprechender Unterw\u00e4sche\/-kleidung, falls gew\u00fcnscht. Ma\u00dfgefertigte Waren sind vom Umtausch ausgeschlossen.<\/span><\/p>\n<p><span style=\"font-size: 75%;\">**Komplett handvern\u00e4ht bedeutet dass alle N\u00e4hte von Hand vern\u00e4ht werden, inklusive aller sichtbaren und unsichtbaren N\u00e4hte.<\/span><\/p>\n<p><span style=\"font-size: 75%;\">***Wollstoff aus mindestens 80% Wolle und h\u00f6chstens 20% Polyamid<\/span><\/p>\n","protected":false},"excerpt":{"rendered":"<p>Eine gekn\u00f6pfte Cottehardie aus Wolle mit Leinen gef\u00fcttert. Ma\u00dfgeschneidert* Herstellungsdauer 4 &#8211; 6 Wochen Alle Wollfarben und Leinenfarben die zur Auswahl stehen sind hier zu sehen. Alle sichtbaren N\u00e4hte und L\u00f6cher sind handvern\u00e4ht. Die Cotthardie hat lange \u00c4rmel und reicht bis knapp auf Schritth\u00f6he und ist damit k\u00fcrzer als die Schecke, au\u00dferdem ist sie aus [&#8230;]\n","protected":false},"featured_media":534,"comment_status":"open","ping_status":"closed","template":"","meta":[],"product_cat":[75,94],"product_tag":[],"class_list":{"0":"post-3310","1":"product","2":"type-product","3":"status-publish","4":"has-post-thumbnail","6":"product_cat-kleidung-herren","7":"product_cat-oberbekleidung-maentel-kleidung-herren","8":"product_shipping_class-stdversand","9":"tm-has-options","11":"first","12":"instock","13":"taxable","14":"shipping-taxable","15":"purchasable","16":"product-type-simple"},"_links":{"self":[{"href":"https:\/\/staging.mittelalterkraemer.de\/index.php?rest_route=\/wp\/v2\/product\/3310","targetHints":{"allow":["GET"]}}],"collection":[{"href":"https:\/\/staging.mittelalterkraemer.de\/index.php?rest_route=\/wp\/v2\/product"}],"about":[{"href":"https:\/\/staging.mittelalterkraemer.de\/index.php?rest_route=\/wp\/v2\/types\/product"}],"replies":[{"embeddable":true,"href":"https:\/\/staging.mittelalterkraemer.de\/index.php?rest_route=%2Fwp%2Fv2%2Fcomments&post=3310"}],"wp:featuredmedia":[{"embeddable":true,"href":"https:\/\/staging.mittelalterkraemer.de\/index.php?rest_route=\/wp\/v2\/media\/534"}],"wp:attachment":[{"href":"https:\/\/staging.mittelalterkraemer.de\/index.php?rest_route=%2Fwp%2Fv2%2Fmedia&parent=3310"}],"wp:term":[{"taxonomy":"product_cat","embeddable":true,"href":"https:\/\/staging.mittelalterkraemer.de\/index.php?rest_route=%2Fwp%2Fv2%2Fproduct_cat&post=3310"},{"taxonomy":"product_tag","embeddable":true,"href":"https:\/\/staging.mittelalterkraemer.de\/index.php?rest_route=%2Fwp%2Fv2%2Fproduct_tag&post=3310"}],"curies":[{"name":"wp","href":"https:\/\/api.w.org\/{rel}","templated":true}]}}