{"id":327,"date":"2020-09-25T12:25:50","date_gmt":"2020-09-25T10:25:50","guid":{"rendered":"https:\/\/staging.mittelalterkraemer.de\/?product=zehn-holzwaescheklammern"},"modified":"2021-03-06T13:11:01","modified_gmt":"2021-03-06T11:11:01","slug":"zehn-holzwaescheklammern","status":"publish","type":"product","link":"https:\/\/staging.mittelalterkraemer.de\/?product=zehn-holzwaescheklammern","title":{"rendered":"Zehn Holzw\u00e4scheklammern"},"content":{"rendered":"<p>10 W\u00e4scheklammern aus Buchenholz<br \/>\nL\u00e4nge: 10,5 cm<\/p>\n<p><b>Ein Set aus zehn W\u00e4scheklammern aus Buchenholz. Rund mit einem Schlitz mit dem die \u00fcber eine Leine geschlagene W\u00e4sche fixiert werden kann. <\/b><\/p>\n<p>Ich habe keinen Bildnachweis f\u00fcr W\u00e4scheklammern gefunden, da diese als Alltagsgegenst\u00e4nde einen unteren Rang eingenommen haben und somit wahrscheinlich einer Leinwand nicht w\u00fcrdig sind.<br \/>\nTrotzdem bin ich der Meinung, dass auch die Menschen in der fr\u00fcheren Zeit nicht begeistert waren wenn sie nach einem Windsto\u00df die frisch gewaschenen W\u00e4schest\u00fccke vom Boden aufheben durften. Und da sich viel Werkzeug aus dem 19. Jahrhundert von Mittelalterlichem kaum unterscheiden haben wir f\u00fcr uns das seit der Mitte des 19. Jahrhunderts bekannte Modell entschieden. Vorindustriell sozusagen.<\/p>\n<p>W\u00e4scheklammern haben sich bei unseren Lagern als sehr praktisch erwiesen. Nasse Handt\u00fccher, Lappen und Kleider bleiben auch bei starkem Wind an ihrem Platz. Mit diesen W\u00e4scheklammern kann man auch w\u00e4hrend der Besuchszeit \u201eauthentisch\u201c die W\u00e4sche trocknen.<br \/>\nDer dekorative Aspekt ist hierbei nicht zu vernachl\u00e4ssigen. Ein Lager sieht einfach belebter aus wenn auch W\u00e4sche aufgeh\u00e4ngt ist.<br \/>\nUnd zu guter Letzt kann man, wenn man es nicht schaffte durch die Anordnung der Zelte die Leute am Marsch durch das eigene Lager zu hindern, mit einer W\u00e4scheleine spontan f\u00fcr eine Absperrung sorgen, ohne dass es gleich wie eine aussieht.<\/p>\n<p><span style=\"font-size: 75%;\">Dekorationsartikel geh\u00f6ren nicht zum Lieferumfang<\/span><\/p>\n","protected":false},"excerpt":{"rendered":"<p>10 W\u00e4scheklammern aus Buchenholz L\u00e4nge: 10,5 cm Ein Set aus zehn W\u00e4scheklammern aus Buchenholz. Rund mit einem Schlitz mit dem die \u00fcber eine Leine geschlagene W\u00e4sche fixiert werden kann. Ich habe keinen Bildnachweis f\u00fcr W\u00e4scheklammern gefunden, da diese als Alltagsgegenst\u00e4nde einen unteren Rang eingenommen haben und somit wahrscheinlich einer Leinwand nicht w\u00fcrdig sind. Trotzdem bin [&#8230;]\n","protected":false},"featured_media":328,"comment_status":"open","ping_status":"closed","template":"","meta":[],"product_cat":[144,81],"product_tag":[],"class_list":{"0":"post-327","1":"product","2":"type-product","3":"status-publish","4":"has-post-thumbnail","6":"product_cat-alltagsgegenstaende","7":"product_cat-lagerausstattung","8":"product_shipping_class-stdversand","9":"tm-no-options","11":"first","12":"instock","13":"taxable","14":"shipping-taxable","15":"purchasable","16":"product-type-simple"},"_links":{"self":[{"href":"https:\/\/staging.mittelalterkraemer.de\/index.php?rest_route=\/wp\/v2\/product\/327","targetHints":{"allow":["GET"]}}],"collection":[{"href":"https:\/\/staging.mittelalterkraemer.de\/index.php?rest_route=\/wp\/v2\/product"}],"about":[{"href":"https:\/\/staging.mittelalterkraemer.de\/index.php?rest_route=\/wp\/v2\/types\/product"}],"replies":[{"embeddable":true,"href":"https:\/\/staging.mittelalterkraemer.de\/index.php?rest_route=%2Fwp%2Fv2%2Fcomments&post=327"}],"wp:featuredmedia":[{"embeddable":true,"href":"https:\/\/staging.mittelalterkraemer.de\/index.php?rest_route=\/wp\/v2\/media\/328"}],"wp:attachment":[{"href":"https:\/\/staging.mittelalterkraemer.de\/index.php?rest_route=%2Fwp%2Fv2%2Fmedia&parent=327"}],"wp:term":[{"taxonomy":"product_cat","embeddable":true,"href":"https:\/\/staging.mittelalterkraemer.de\/index.php?rest_route=%2Fwp%2Fv2%2Fproduct_cat&post=327"},{"taxonomy":"product_tag","embeddable":true,"href":"https:\/\/staging.mittelalterkraemer.de\/index.php?rest_route=%2Fwp%2Fv2%2Fproduct_tag&post=327"}],"curies":[{"name":"wp","href":"https:\/\/api.w.org\/{rel}","templated":true}]}}