{"id":325,"date":"2020-09-25T12:25:50","date_gmt":"2020-09-25T10:25:50","guid":{"rendered":"https:\/\/staging.mittelalterkraemer.de\/?product=hochmittelalter-hosen-beinlinge"},"modified":"2021-03-08T18:24:51","modified_gmt":"2021-03-08T16:24:51","slug":"hochmittelalter-hosen-beinlinge","status":"publish","type":"product","link":"https:\/\/staging.mittelalterkraemer.de\/?product=hochmittelalter-hosen-beinlinge","title":{"rendered":"Hochmittelalter &#8211; Hosen &#8220;Beinlinge&#8221;"},"content":{"rendered":"<p>Mit Leinen gef\u00fctterte Wollbeinlinge mit jeweils zwei Nestell\u00f6chern.<br \/>\nM: Oberschenkelumfang 57 cm; Knie 38 cm; Wade 39 cm (Gesamtk\u00f6rpergr\u00f6\u00dfe: grob 170 cm)<br \/>\nL: Oberschenkelumfang 60 cm; Knie 40 cm; Wade 42 cm (Gesamtk\u00f6rpergr\u00f6\u00dfe: grob 176 cm)<br \/>\nXL: Oberschenkelumfang 64 cm; Knie 42 cm; Wade 44 cm (Gesamtk\u00f6rpergr\u00f6\u00dfe: grob 182 cm)<\/p>\n<p>Jeweils in den Farben dunkelgr\u00fcn, dunkelblau, dunkelgrau, beige, wollwei\u00df und braun sofort erh\u00e4ltlich.<\/p>\n<p>Alle anderen <a href=\"https:\/\/staging.mittelalterkraemer.de\/?page_id=8722\"><u>Farben<\/u><\/a> bei einer Lieferzeit von 6 &#8211; 12 Wochen ebenfalls m\u00f6glich.<\/p>\n<p>Alle sichtbaren N\u00e4hte und L\u00f6cher sind handvern\u00e4ht.<\/p>\n<p>Ma\u00dfanfertigungen sind f\u00fcr einen Aufpreis von 20% ebenfalls m\u00f6glich.<br \/>\nWaren auf Ma\u00df sind vom Umtausch ausgeschlossen.<br \/>\nEine Tabelle f\u00fcr die erforderlichen Ma\u00dfe wird von uns nach Zahlungseingang versendet.<\/p>\n<p><b>Beinlinge waren das einzige hochmittelalterliche Beinkleid das es gab.<br \/>\nDie von uns angeboteten haben den eher f\u00fcr \u00e4rmere Menschen \u00fcblichen Fu\u00dfsteg (wie bei alten Turnhosen).<br \/>\nDie angesetzten kompletten F\u00fc\u00dfe m\u00fcssten ja individuelle Schuhgr\u00f6\u00dfen haben und sind wenn sie nicht genau passen ziemlich unbequem.<br \/>\nAu\u00dferdem waren die angesetzten F\u00fc\u00dfen vor allem bei Betuchteren \u00fcblich und auch sinnvoll, da die bei ihnen mit Ledersohlen versehen zuhause gleich als Schuhe getragen wurden.<br \/>\nDie Beinlinge bestehen aus Wollstoff der sowohl w\u00e4rmt als auch k\u00fchlt und sind aufgrund ihrer Variabilit\u00e4t sehr angenehm zu tragen. Wird es einem zu warm, kann man sie sozusagen stufenlos die Richtung Fu\u00df rollen, oder einfach ablegen. Oft wurden sie mit einem zus\u00e4tzlichen B\u00e4ndchen unter den Knieen fixiert und auch bis zu denen heruntergerollt.<br \/>\nDurch die F\u00fctterung mit Leinenstoff bis knapp \u00fcber die Kn\u00f6chel kratzt die Wolle nicht auf der Haut und wird selbst vor Schwei\u00df gesch\u00fctzt.<\/b><\/p>\n<p>Die fr\u00fchstens bekannten Beinlinge tr\u00e4gt die Gletschermumie &#8220;\u00d6tzi&#8221;.<br \/>\nDie hier angebotenen v\u00f6llig getrennten Beinpaare die nur mit einem Nestelband an der Brouche oder einem extra daf\u00fcr vorgesehenen Stoffg\u00fcrtel hielten sich genau in der Art bis in Mitte des 15. Jahrhunderts, wie in dem Buch &#8220;Hours of Catherine of Cleeves&#8221; zu sehen.<br \/>\nErst danach wurden die Beine auch miteinander verbunden. Erst mit immer auff\u00e4lliger werdenden Schamkapseln und Nestelb\u00e4ndern und dann irgendwann einfach mit N\u00e4hten. So entstand die Hose.<br \/>\nBeinling ist \u00fcbrigens ein moderne Wortneusch\u00f6pfung die es m\u00f6glich macht die damaligen Hosen (aus einzelnen Beinen) von den heutigen zu differenzieren. Damals hie\u00df dieses Beinkleid einfach nur Hosen.<\/p>\n<p>Beinlinge in Hochmittelalterquellen finden sich in der Maciejowski Bibel zum Beispiel auf Folio 12 verso und Folio 35 verso. Auf beiden Miniaturen sind komplette Beinlinge samt ihrer Anbringung mit Nestelb\u00e4ndern zu sehen.<br \/>\nIm Sachsenspiegel gibt es sogar eine Bild mit heruntergelassenen Beinlingen und eines auf dem einem Herren gerade Beinlinge \u00fcbergezogen werden (Folio 25 verso und recto).<\/p>\n<p><span style=\"font-size: 75%;\">Dekorationsartikel geh\u00f6ren nicht zum Lieferumfang<\/span><\/p>\n<p><span style=\"font-size: 75%;\">*Ma\u00dfgefertigte Produkte werden individuell auf vom Kunden zur Verf\u00fcgung gestellten Ma\u00dfen angefertigt. Die entsprechende Ma\u00dftabelle wird nach Bestellung an die angegebene E-Mail-Adresse versendet. Die Ma\u00dfe m\u00fcssen so genommen werden wie die Kleidung nachher getragen werden soll, also mit entsprechender Unterw\u00e4sche\/-kleidung, falls gew\u00fcnscht. Ma\u00dfgefertigte Waren sind vom Umtausch ausgeschlossen.<\/span><\/p>\n<p><span style=\"font-size: 75%;\">**Komplett handvern\u00e4ht bedeutet dass alle N\u00e4hte von Hand vern\u00e4ht werden, inklusive aller sichtbaren und unsichtbaren N\u00e4hte.<\/span><\/p>\n<p><span style=\"font-size: 75%;\">***Wollstoff aus mindestens 80% Wolle und h\u00f6chstens 20% Polyamid<\/span><\/p>\n","protected":false},"excerpt":{"rendered":"<p>Mit Leinen gef\u00fctterte Wollbeinlinge mit jeweils zwei Nestell\u00f6chern. M: Oberschenkelumfang 57 cm; Knie 38 cm; Wade 39 cm (Gesamtk\u00f6rpergr\u00f6\u00dfe: grob 170 cm) L: Oberschenkelumfang 60 cm; Knie 40 cm; Wade 42 cm (Gesamtk\u00f6rpergr\u00f6\u00dfe: grob 176 cm) XL: Oberschenkelumfang 64 cm; Knie 42 cm; Wade 44 cm (Gesamtk\u00f6rpergr\u00f6\u00dfe: grob 182 cm) Jeweils in den Farben dunkelgr\u00fcn, [&#8230;]\n","protected":false},"featured_media":326,"comment_status":"open","ping_status":"closed","template":"","meta":[],"product_cat":[93,75,87],"product_tag":[],"class_list":{"0":"post-325","1":"product","2":"type-product","3":"status-publish","4":"has-post-thumbnail","6":"product_cat-bekleidung-kleidung-herren","7":"product_cat-kleidung-herren","8":"product_cat-unterbekleidung","9":"product_shipping_class-stdversand","10":"tm-has-options","12":"first","13":"instock","14":"taxable","15":"shipping-taxable","16":"purchasable","17":"product-type-variable","18":"has-default-attributes"},"_links":{"self":[{"href":"https:\/\/staging.mittelalterkraemer.de\/index.php?rest_route=\/wp\/v2\/product\/325","targetHints":{"allow":["GET"]}}],"collection":[{"href":"https:\/\/staging.mittelalterkraemer.de\/index.php?rest_route=\/wp\/v2\/product"}],"about":[{"href":"https:\/\/staging.mittelalterkraemer.de\/index.php?rest_route=\/wp\/v2\/types\/product"}],"replies":[{"embeddable":true,"href":"https:\/\/staging.mittelalterkraemer.de\/index.php?rest_route=%2Fwp%2Fv2%2Fcomments&post=325"}],"wp:featuredmedia":[{"embeddable":true,"href":"https:\/\/staging.mittelalterkraemer.de\/index.php?rest_route=\/wp\/v2\/media\/326"}],"wp:attachment":[{"href":"https:\/\/staging.mittelalterkraemer.de\/index.php?rest_route=%2Fwp%2Fv2%2Fmedia&parent=325"}],"wp:term":[{"taxonomy":"product_cat","embeddable":true,"href":"https:\/\/staging.mittelalterkraemer.de\/index.php?rest_route=%2Fwp%2Fv2%2Fproduct_cat&post=325"},{"taxonomy":"product_tag","embeddable":true,"href":"https:\/\/staging.mittelalterkraemer.de\/index.php?rest_route=%2Fwp%2Fv2%2Fproduct_tag&post=325"}],"curies":[{"name":"wp","href":"https:\/\/api.w.org\/{rel}","templated":true}]}}