{"id":317,"date":"2020-09-25T12:25:50","date_gmt":"2020-09-25T12:25:50","guid":{"rendered":"https:\/\/staging.mittelalterkraemer.de\/?product=einfaches-hemd"},"modified":"2021-03-06T13:12:00","modified_gmt":"2021-03-06T11:12:00","slug":"einfaches-hemd","status":"publish","type":"product","link":"https:\/\/staging.mittelalterkraemer.de\/?product=einfaches-hemd","title":{"rendered":"Einfaches Hemd"},"content":{"rendered":"<p>Ein einfaches Hemd aus Leinen in den Farben Natur (Bild) und Wei\u00df.<\/p>\n<p>M f\u00fcr einen Brustumfang von 91-105 cm. Der Umfang des Hemdes betr\u00e4gt 110 cm.<br \/>\nL f\u00fcr einen Brustumfang von 106-120 cm. Der Umfang des Hemdes betr\u00e4gt 126 cm.<br \/>\nDie L\u00e4nge des Gewandes in den Gr\u00f6\u00dfen M und L betr\u00e4gt ungef\u00e4hr 76 cm. Die \u00c4rmell\u00e4nge ca. 56 cm.<\/p>\n<p>XL f\u00fcr einen Brustumfang von 121-135 cm. Der Umfang des Hemdes betr\u00e4gt 140 cm.<\/p>\n<p>Die L\u00e4nge in der Gr\u00f6\u00dfe XL betr\u00e4gt ungef\u00e4hr 81 cm. Die \u00c4rmell\u00e4nge ca. 63 cm.<\/p>\n<p>Alle sichtbaren N\u00e4hte sind handvern\u00e4ht.<\/p>\n<p>Ma\u00dfanfertigungen sind f\u00fcr einen Aufpreis von 20% ebenfalls m\u00f6glich.<br \/>\nWaren auf Ma\u00df sind vom Umtausch ausgeschlossen.<br \/>\nEine Tabelle f\u00fcr die erforderlichen Ma\u00dfe wird von uns nach Zahlungseingang versendet.<\/p>\n<p><b>Die \u00c4rmel der Hemden waren f\u00fcr gew\u00f6hnlich lang und der Kragen V-f\u00f6rmig ausgeschnitten. Das hier angebotene Hemd hat B\u00e4nder am Kragen, damit man den Ausschnitt auch zubinden kann.<\/b><\/p>\n<p>Das leinene Hemd wurde als eine Art Unterhemd direkt auf der Haut getragen. Es sch\u00fctzte wie die Bruche die Oberbekleidung aus Wolle vor dem Schwitzen und wurde Tag und Nacht getragen.<br \/>\nDas Hemd als Kleidungsst\u00fcck hatten alle Menschen des Mittelalters egal welchen Standes gemeinsam. Die Hemden der Damen waren lediglich l\u00e4nger und reichten bis zu den Kn\u00f6cheln.<\/p>\n<p>Ein Hemd mit den f\u00fcr das Hochmittelalter typischen langen \u00c4rmeln und einem V-Ausschnitt wie er hier angeboten wird, ist auf der Folio 5 und 25 jeweils recto der Miniaturen der Maciejowski-Bibel abgebildet.<\/p>\n<p><span style=\"font-size: 75%;\">Dekorationsartikel geh\u00f6ren nicht zum Lieferumfang<\/span><\/p>\n<p><span style=\"font-size: 75%;\">*Ma\u00dfgefertigte Produkte werden individuell auf vom Kunden zur Verf\u00fcgung gestellten Ma\u00dfen angefertigt. Die entsprechende Ma\u00dftabelle wird nach Bestellung an die angegebene E-Mail-Adresse versendet. Die Ma\u00dfe m\u00fcssen so genommen werden wie die Kleidung nachher getragen werden soll, also mit entsprechender Unterw\u00e4sche\/-kleidung, falls gew\u00fcnscht. Ma\u00dfgefertigte Waren sind vom Umtausch ausgeschlossen.<\/span><\/p>\n<p><span style=\"font-size: 75%;\">**Komplett handvern\u00e4ht bedeutet dass alle N\u00e4hte von Hand vern\u00e4ht werden, inklusive aller sichtbaren und unsichtbaren N\u00e4hte.<\/span><\/p>\n","protected":false},"excerpt":{"rendered":"<p>Ein einfaches Hemd aus Leinen in den Farben Natur (Bild) und Wei\u00df. M f\u00fcr einen Brustumfang von 91-105 cm. Der Umfang des Hemdes betr\u00e4gt 110 cm. L f\u00fcr einen Brustumfang von 106-120 cm. Der Umfang des Hemdes betr\u00e4gt 126 cm. Die L\u00e4nge des Gewandes in den Gr\u00f6\u00dfen M und L betr\u00e4gt ungef\u00e4hr 76 cm. Die [&#8230;]\n","protected":false},"featured_media":318,"comment_status":"open","ping_status":"closed","template":"","meta":[],"product_cat":[75,87],"product_tag":[],"class_list":{"0":"post-317","1":"product","2":"type-product","3":"status-publish","4":"has-post-thumbnail","6":"product_cat-kleidung-herren","7":"product_cat-unterbekleidung","8":"product_shipping_class-stdversand","9":"tm-has-options","11":"first","12":"instock","13":"taxable","14":"shipping-taxable","15":"purchasable","16":"product-type-variable","17":"has-default-attributes"},"_links":{"self":[{"href":"https:\/\/staging.mittelalterkraemer.de\/index.php?rest_route=\/wp\/v2\/product\/317","targetHints":{"allow":["GET"]}}],"collection":[{"href":"https:\/\/staging.mittelalterkraemer.de\/index.php?rest_route=\/wp\/v2\/product"}],"about":[{"href":"https:\/\/staging.mittelalterkraemer.de\/index.php?rest_route=\/wp\/v2\/types\/product"}],"replies":[{"embeddable":true,"href":"https:\/\/staging.mittelalterkraemer.de\/index.php?rest_route=%2Fwp%2Fv2%2Fcomments&post=317"}],"wp:featuredmedia":[{"embeddable":true,"href":"https:\/\/staging.mittelalterkraemer.de\/index.php?rest_route=\/wp\/v2\/media\/318"}],"wp:attachment":[{"href":"https:\/\/staging.mittelalterkraemer.de\/index.php?rest_route=%2Fwp%2Fv2%2Fmedia&parent=317"}],"wp:term":[{"taxonomy":"product_cat","embeddable":true,"href":"https:\/\/staging.mittelalterkraemer.de\/index.php?rest_route=%2Fwp%2Fv2%2Fproduct_cat&post=317"},{"taxonomy":"product_tag","embeddable":true,"href":"https:\/\/staging.mittelalterkraemer.de\/index.php?rest_route=%2Fwp%2Fv2%2Fproduct_tag&post=317"}],"curies":[{"name":"wp","href":"https:\/\/api.w.org\/{rel}","templated":true}]}}