{"id":315,"date":"2020-09-25T12:25:50","date_gmt":"2020-09-25T12:25:50","guid":{"rendered":"https:\/\/staging.mittelalterkraemer.de\/?product=rechteckiges-kopftuch"},"modified":"2021-03-06T13:12:08","modified_gmt":"2021-03-06T11:12:08","slug":"rechteckiges-kopftuch","status":"publish","type":"product","link":"https:\/\/staging.mittelalterkraemer.de\/?product=rechteckiges-kopftuch","title":{"rendered":"Rechteckiges Kopftuch"},"content":{"rendered":"<p>Ein rechteckiges Kopftuch aus Leinen in den Farben Wei\u00df (Foto) und Natur.<br \/>\nMa\u00dfe: 200 cm auf 70 cm.<\/p>\n<p>ALLE N\u00e4hte sind handvern\u00e4ht<\/p>\n<p><b>Dieses rechteckige Kopftuch kann in verschiedener Weise getragen werden.<br \/>\nWie hier auf dem Foto als eine Art Turban in dem die Haare hochgesteckt sind oder wie auf Folio 4 recto der Maciekowski-Bibel zu sehen als Gebende, oder man arbeitet die Haare mit ein wie auf Folio 7 verso. Die M\u00f6glichkeiten sind vielf\u00e4ltig.<br \/>\nUnd selbst Herren trugen solche T\u00fccher als Kopfbedeckungen wie man auch dauf der Folio 4 recto sehen kann.<\/b><\/p>\n<p>Die Kopfbedeckungen geben wie die Oberbekleidung Auskunft \u00fcber den sozialen Status des Tr\u00e4gers. Um so aufw\u00e4ndiger gearbeitet und edler das Material umso h\u00f6her der soziale Status.<br \/>\nBei Frauen kommt nat\u00fcrlich noch der Familienstand dazu. Verheiratet Frauen trugen immer Kopfbedeckungen, waren also &#8220;unter der Haube&#8221;.<\/p>\n<p>Es gibt aber eigentlich gar keine Abbildungen von Frauen ohne Kopfbedeckungen, lediglich Kinder sind ohne Kopftuch zu finden.<br \/>\nDas kann mehrere Gr\u00fcnde haben:<br \/>\nErstens hatten es unverheiratete Frauen im Mittelalter sehr schwer, sie wurden ohne Mann einfach nicht f\u00fcr voll genommen, was sie letztlich zur Heirat zwang.<br \/>\nAu\u00dferdem w\u00fcrde ich rein spekulativ davon ausgehen dass Single-Frauen, auch Witwen, auch einfach Hauben trugen um nicht dem \u00e4ltesten Gewerbe der Welt zugeordnet zu weren und ihre Ruhe zu haben.<br \/>\nZum Dritten sind die Quellenbilder fast ausschlie\u00dflich von der Kirche erstellt, die nat\u00fcrlich gerne verheiratete Frauen und geordnete Verh\u00e4ltnisse sehen wollten. Wie die Realit\u00e4t aussah, werden wir wie so oft, nie rausfinden.<\/p>\n<p><span style=\"font-size: 75%;\">Dekorationsartikel geh\u00f6ren nicht zum Lieferumfang<\/span><\/p>\n<p><span style=\"font-size: 75%;\">*Ma\u00dfgefertigte Produkte werden individuell auf vom Kunden zur Verf\u00fcgung gestellten Ma\u00dfen angefertigt. Die entsprechende Ma\u00dftabelle wird nach Bestellung an die angegebene E-Mail-Adresse versendet. Die Ma\u00dfe m\u00fcssen so genommen werden wie die Kleidung nachher getragen werden soll, also mit entsprechender Unterw\u00e4sche\/-kleidung, falls gew\u00fcnscht. Ma\u00dfgefertigte Waren sind vom Umtausch ausgeschlossen.<\/span><\/p>\n<p><span style=\"font-size: 75%;\">**Komplett handvern\u00e4ht bedeutet dass alle N\u00e4hte von Hand vern\u00e4ht werden, inklusive aller sichtbaren und unsichtbaren N\u00e4hte.<\/span><\/p>\n","protected":false},"excerpt":{"rendered":"<p>Ein rechteckiges Kopftuch aus Leinen in den Farben Wei\u00df (Foto) und Natur. Ma\u00dfe: 200 cm auf 70 cm. ALLE N\u00e4hte sind handvern\u00e4ht Dieses rechteckige Kopftuch kann in verschiedener Weise getragen werden. Wie hier auf dem Foto als eine Art Turban in dem die Haare hochgesteckt sind oder wie auf Folio 4 recto der Maciekowski-Bibel zu [&#8230;]\n","protected":false},"featured_media":316,"comment_status":"open","ping_status":"closed","template":"","meta":[],"product_cat":[74,91],"product_tag":[],"class_list":{"0":"post-315","1":"product","2":"type-product","3":"status-publish","4":"has-post-thumbnail","6":"product_cat-kleidung-damen","7":"product_cat-kopfbedeckungen","8":"product_shipping_class-stdversand","9":"tm-has-options","11":"first","12":"instock","13":"taxable","14":"shipping-taxable","15":"purchasable","16":"product-type-simple"},"_links":{"self":[{"href":"https:\/\/staging.mittelalterkraemer.de\/index.php?rest_route=\/wp\/v2\/product\/315","targetHints":{"allow":["GET"]}}],"collection":[{"href":"https:\/\/staging.mittelalterkraemer.de\/index.php?rest_route=\/wp\/v2\/product"}],"about":[{"href":"https:\/\/staging.mittelalterkraemer.de\/index.php?rest_route=\/wp\/v2\/types\/product"}],"replies":[{"embeddable":true,"href":"https:\/\/staging.mittelalterkraemer.de\/index.php?rest_route=%2Fwp%2Fv2%2Fcomments&post=315"}],"wp:featuredmedia":[{"embeddable":true,"href":"https:\/\/staging.mittelalterkraemer.de\/index.php?rest_route=\/wp\/v2\/media\/316"}],"wp:attachment":[{"href":"https:\/\/staging.mittelalterkraemer.de\/index.php?rest_route=%2Fwp%2Fv2%2Fmedia&parent=315"}],"wp:term":[{"taxonomy":"product_cat","embeddable":true,"href":"https:\/\/staging.mittelalterkraemer.de\/index.php?rest_route=%2Fwp%2Fv2%2Fproduct_cat&post=315"},{"taxonomy":"product_tag","embeddable":true,"href":"https:\/\/staging.mittelalterkraemer.de\/index.php?rest_route=%2Fwp%2Fv2%2Fproduct_tag&post=315"}],"curies":[{"name":"wp","href":"https:\/\/api.w.org\/{rel}","templated":true}]}}