{"id":311,"date":"2020-09-25T12:25:50","date_gmt":"2020-09-25T12:25:50","guid":{"rendered":"https:\/\/staging.mittelalterkraemer.de\/?product=hochmittelalter-damenkotta-aus-wolle-gefuettert-mit-leinen"},"modified":"2021-03-08T18:24:51","modified_gmt":"2021-03-08T16:24:51","slug":"hochmittelalter-damenkotta-aus-wolle-gefuettert-mit-leinen","status":"publish","type":"product","link":"https:\/\/staging.mittelalterkraemer.de\/?product=hochmittelalter-damenkotta-aus-wolle-gefuettert-mit-leinen","title":{"rendered":"Hochmittelalter &#8211; Damenkotta aus Wolle gef\u00fcttert mit Leinen"},"content":{"rendered":"<p>Eine Cotte aus Wollstoff mit Leinenf\u00fctterung<br \/>\nM f\u00fcr einen Brustumfang von 81-90 cm; Umfang des Kleidungsst\u00fcckes 94 cm<br \/>\nL f\u00fcr einen Brustumfang von 91-100 cm; Umfang des Kleidungsst\u00fcckes 104 cm<br \/>\nXL f\u00fcr einen Brustumfang von 101-110 cm; Umfang des Kleidungsst\u00fcckes 114 cm<br \/>\nDie L\u00e4nge des Gewandes betr\u00e4gt ungef\u00e4hr 150 cm.<\/p>\n<p>Wir haben marineblaue Wolle mit wei\u00dfer Leinenf\u00fctterung,<br \/>\nbraune Wolle mit naturfarbener Leinenf\u00fctterung,<br \/>\ndunkelgr\u00fcne Wolle mit ebenfalls naturfarbener Leinenf\u00fctterung (Foto) und<br \/>\nrote Wolle mit wei\u00dfer Leinenf\u00fctterung auf Lager.<\/p>\n<p>Andere <a href=\"https:\/\/staging.mittelalterkraemer.de\/?page_id=8722\"><u>Farben<\/u><\/a> bei einer Lieferzeit von 6 &#8211; 12 Wochen ebenfalls m\u00f6glich.<\/p>\n<p>Gelb, Beige, Dunkelblau, Grau und Wei\u00df mit naturfarbener Leinenf\u00fctterung<br \/>\nBlau, Dunkelgrau, Violett, Rot, Schwarz und Weinrot mit wei\u00dfer Leinenf\u00fctterung<\/p>\n<p>Ma\u00dfanfertigungen sind f\u00fcr einen Aufpreis von 20% ebenfalls m\u00f6glich.<br \/>\nWaren auf Ma\u00df sind vom Umtausch ausgeschlossen.<br \/>\nEine Tabelle f\u00fcr die erforderlichen Ma\u00dfe wird von uns nach Zahlungseingang versendet.<\/p>\n<p>Alle sichtbaren N\u00e4hte handvern\u00e4ht.<\/p>\n<p><b>Die Cotte ist so gearbeitet wie sie hundertfach in hochmittelalterlichen Quellen abgebildet ist.<br \/>\nSie hat lange \u00c4rmel und reicht wenigstens bis zu den Kn\u00f6cheln, au\u00dferdem ist sie aus Wollstoff gefertigt und mit einem andersfarbigen Leinenstoff gef\u00fcttert. Oft passten F\u00fctterung und Obermaterial nach unseren Ma\u00dfst\u00e4ben \u00fcberhaupt nicht zusammen.<br \/>\nDer Schnitt einer Cotte oder auch Cotta ist einfach und besteht aus einer rechteckigen Vorder- und R\u00fcckseite mit eingesetzten Keilen auf H\u00fcfth\u00f6he. Sie hat zudem einen kleinen V-f\u00f6rmigen Ausschnitt der das \u00dcberziehen erleichtert.<\/b><\/p>\n<p>Die Cotte, auch Cotta oder Kotta ist eine Untergewand das wie ein Kittel \u00fcber der Unterw\u00e4sche getragen wurde. Das Wort Kittel r\u00fchrt auch vom Wort Cotte.<br \/>\nEs war aus Wolle, Seide oder schlichtem Leinen, einfach abh\u00e4ngig vom Stand des Tr\u00e4gers. Die Cotte wurde \u00fcber den Kopf angezogen und war das Gewand das man in Haus und Hof trug. Bei Reisen w\u00fcrde dar\u00fcber ein Mantel oder ein Surcot, oder auch beides, getragen werden. Unter der Cotte trug man nur Unterw\u00e4sche in der man sich nicht freiwillig zeigte.<\/p>\n<p>Gegen Ende des Hochmittelalters wurde die Cotte auch taillierter und passgenauer, also k\u00f6rperbetonender, geschnitten was das Kleidungsst\u00fcck als &#8220;s\u00fcndig&#8221; in Verruf brachte.<\/p>\n<p>Eine Abbildung einer Damen-Cotte inklusive der farblich abweichenden F\u00fctterung findet man zum Beispiel auf Folio 12 verso in den Miniaturen der Maciejowski-Bibel<\/p>\n<p>Die L\u00e4nge und das Material der Gew\u00e4nder hing vom Reichtum ab, daher auch der Begriff &#8220;Betuchte&#8221;, im allgemeinen waren die Gew\u00e4nder der Damen jedoch l\u00e4nger als die der Herren.<br \/>\nDie Cotte wurde immer mit einem G\u00fcrtel getragen, der das an sich unf\u00f6rmige Kleidungsst\u00fcck an Ort und Stelle hielt.<\/p>\n<p><span style=\"font-size: 75%;\">Dekorationsartikel geh\u00f6ren nicht zum Lieferumfang<\/span><\/p>\n<p><span style=\"font-size: 75%;\">*Ma\u00dfgefertigte Produkte werden individuell auf vom Kunden zur Verf\u00fcgung gestellten Ma\u00dfen angefertigt. Die entsprechende Ma\u00dftabelle wird nach Bestellung an die angegebene E-Mail-Adresse versendet. Die Ma\u00dfe m\u00fcssen so genommen werden wie die Kleidung nachher getragen werden soll, also mit entsprechender Unterw\u00e4sche\/-kleidung, falls gew\u00fcnscht. Ma\u00dfgefertigte Waren sind vom Umtausch ausgeschlossen.<\/span><\/p>\n<p><span style=\"font-size: 75%;\">**Komplett handvern\u00e4ht bedeutet dass alle N\u00e4hte von Hand vern\u00e4ht werden, inklusive aller sichtbaren und unsichtbaren N\u00e4hte.<\/span><\/p>\n<p><span style=\"font-size: 75%;\">***Wollstoff aus mindestens 80% Wolle und h\u00f6chstens 20% Polyamid<\/span><\/p>\n","protected":false},"excerpt":{"rendered":"<p>Eine Cotte aus Wollstoff mit Leinenf\u00fctterung M f\u00fcr einen Brustumfang von 81-90 cm; Umfang des Kleidungsst\u00fcckes 94 cm L f\u00fcr einen Brustumfang von 91-100 cm; Umfang des Kleidungsst\u00fcckes 104 cm XL f\u00fcr einen Brustumfang von 101-110 cm; Umfang des Kleidungsst\u00fcckes 114 cm Die L\u00e4nge des Gewandes betr\u00e4gt ungef\u00e4hr 150 cm. Wir haben marineblaue Wolle mit [&#8230;]\n","protected":false},"featured_media":312,"comment_status":"open","ping_status":"closed","template":"","meta":[],"product_cat":[89,74],"product_tag":[],"class_list":{"0":"post-311","1":"product","2":"type-product","3":"status-publish","4":"has-post-thumbnail","6":"product_cat-bekleidung","7":"product_cat-kleidung-damen","8":"product_shipping_class-stdversand","9":"tm-has-options","11":"first","12":"instock","13":"taxable","14":"shipping-taxable","15":"purchasable","16":"product-type-variable","17":"has-default-attributes"},"_links":{"self":[{"href":"https:\/\/staging.mittelalterkraemer.de\/index.php?rest_route=\/wp\/v2\/product\/311","targetHints":{"allow":["GET"]}}],"collection":[{"href":"https:\/\/staging.mittelalterkraemer.de\/index.php?rest_route=\/wp\/v2\/product"}],"about":[{"href":"https:\/\/staging.mittelalterkraemer.de\/index.php?rest_route=\/wp\/v2\/types\/product"}],"replies":[{"embeddable":true,"href":"https:\/\/staging.mittelalterkraemer.de\/index.php?rest_route=%2Fwp%2Fv2%2Fcomments&post=311"}],"wp:featuredmedia":[{"embeddable":true,"href":"https:\/\/staging.mittelalterkraemer.de\/index.php?rest_route=\/wp\/v2\/media\/312"}],"wp:attachment":[{"href":"https:\/\/staging.mittelalterkraemer.de\/index.php?rest_route=%2Fwp%2Fv2%2Fmedia&parent=311"}],"wp:term":[{"taxonomy":"product_cat","embeddable":true,"href":"https:\/\/staging.mittelalterkraemer.de\/index.php?rest_route=%2Fwp%2Fv2%2Fproduct_cat&post=311"},{"taxonomy":"product_tag","embeddable":true,"href":"https:\/\/staging.mittelalterkraemer.de\/index.php?rest_route=%2Fwp%2Fv2%2Fproduct_tag&post=311"}],"curies":[{"name":"wp","href":"https:\/\/api.w.org\/{rel}","templated":true}]}}