{"id":307,"date":"2020-09-25T12:25:50","date_gmt":"2020-09-25T12:25:50","guid":{"rendered":"https:\/\/staging.mittelalterkraemer.de\/?product=hochmittelalter-langes-hemd-untergewand"},"modified":"2021-03-06T13:14:20","modified_gmt":"2021-03-06T11:14:20","slug":"hochmittelalter-langes-hemd-untergewand","status":"publish","type":"product","link":"https:\/\/staging.mittelalterkraemer.de\/?product=hochmittelalter-langes-hemd-untergewand","title":{"rendered":"Hochmittelalter &#8211; Langes Hemd (Untergewand)"},"content":{"rendered":"<p>Ein langes Hemd aus Leinen in den Farben Natur (Bild) und Wei\u00df.<br \/>\nS f\u00fcr einen Brustumfang von bis zu 85 cm. Die L\u00e4nge des Hemdes betr\u00e4gt 115 cm. Die \u00c4rmell\u00e4nge 55 cm.<br \/>\nM f\u00fcr einen Brustumfang von bis zu 95 cm. Die L\u00e4nge des Hemdes betr\u00e4gt 120 cm. Die \u00c4rmell\u00e4nge 55 cm.<br \/>\nL f\u00fcr einen Brustumfang von bis zu 105 cm. Die L\u00e4nge des Hemdes betr\u00e4gt 125 cm. Die \u00c4rmell\u00e4nge 55 cm.<br \/>\nXL f\u00fcr einen Brustumfang von bis zu 120 cm. Die L\u00e4nge des Hemdes betr\u00e4gt 130 cm. Die \u00c4rmell\u00e4nge 55 cm.<\/p>\n<p>Alle sichtbaren N\u00e4hte sind handvern\u00e4ht.<\/p>\n<p>Ma\u00dfanfertigungen sind f\u00fcr einen Aufpreis von 20% ebenfalls m\u00f6glich.<br \/>\nWaren auf Ma\u00df sind vom Umtausch ausgeschlossen.<br \/>\nEine Tabelle f\u00fcr die erforderlichen Ma\u00dfe wird von uns nach Zahlungseingang versendet.<\/p>\n<p><b>Dieses lange Damenunterkleid hat einen kleinen V-f\u00f6rmigen Ausschnitt und lange \u00c4rmel, genau wie die Hemden der M\u00e4nner. Das Hemd der Damen war jedoch lang und reichte bis zu den Fu\u00dfkn\u00f6cheln<\/b><\/p>\n<p>Das leinene Hemd wurde als eine Art Unterhemd direkt auf der Haut getragen und war daher wie die Bruche Unterw\u00e4sche und das einzige Kleidungsst\u00fcck der mittelalterlichen Frau das regelm\u00e4\u00dfig gewaschen wurde. Es sch\u00fctzte wie das Hemd und die Bruche der M\u00e4nner die Oberbekleidung aus Wolle vor dem Schwitzen und anderen Verschmutzungen durch den K\u00f6rper und wurde Tag und Nacht getragen.<\/p>\n<p>Das Hemd als Kleidungsst\u00fcck hatten alle Menschen des Mittelalters egal welchen Standes gemeinsam. Die Hemden der Damen waren lediglich l\u00e4nger und reichten bis zu den Kn\u00f6cheln. Edle Damen leisteten sich auch Unterkleider aus Seide und gegen Ende des Mittelalters aus Baumwolle.<\/p>\n<p>Von der Damenunterw\u00e4sche ist mir keine Quelle bekannt. Ganz im Gegensatz zur Bruche ist sie uns als Bild wohl nicht \u00fcberliefert.<\/p>\n<p><span style=\"font-size: 75%;\">Dekorationsartikel geh\u00f6ren nicht zum Lieferumfang<\/span><\/p>\n<p><span style=\"font-size: 75%;\">*Ma\u00dfgefertigte Produkte werden individuell auf vom Kunden zur Verf\u00fcgung gestellten Ma\u00dfen angefertigt. Die entsprechende Ma\u00dftabelle wird nach Bestellung an die angegebene E-Mail-Adresse versendet. Die Ma\u00dfe m\u00fcssen so genommen werden wie die Kleidung nachher getragen werden soll, also mit entsprechender Unterw\u00e4sche\/-kleidung, falls gew\u00fcnscht. Ma\u00dfgefertigte Waren sind vom Umtausch ausgeschlossen.<\/span><\/p>\n<p><span style=\"font-size: 75%;\">**Komplett handvern\u00e4ht bedeutet dass alle N\u00e4hte von Hand vern\u00e4ht werden, inklusive aller sichtbaren und unsichtbaren N\u00e4hte.<\/span><\/p>\n","protected":false},"excerpt":{"rendered":"<p>Ein langes Hemd aus Leinen in den Farben Natur (Bild) und Wei\u00df. S f\u00fcr einen Brustumfang von bis zu 85 cm. Die L\u00e4nge des Hemdes betr\u00e4gt 115 cm. Die \u00c4rmell\u00e4nge 55 cm. M f\u00fcr einen Brustumfang von bis zu 95 cm. Die L\u00e4nge des Hemdes betr\u00e4gt 120 cm. Die \u00c4rmell\u00e4nge 55 cm. L f\u00fcr einen [&#8230;]\n","protected":false},"featured_media":308,"comment_status":"open","ping_status":"closed","template":"","meta":[],"product_cat":[74,88],"product_tag":[],"class_list":{"0":"post-307","1":"product","2":"type-product","3":"status-publish","4":"has-post-thumbnail","6":"product_cat-kleidung-damen","7":"product_cat-unterbekleidung-kleidung-damen","8":"product_shipping_class-stdversand","9":"tm-has-options","11":"first","12":"instock","13":"taxable","14":"shipping-taxable","15":"purchasable","16":"product-type-variable","17":"has-default-attributes"},"_links":{"self":[{"href":"https:\/\/staging.mittelalterkraemer.de\/index.php?rest_route=\/wp\/v2\/product\/307","targetHints":{"allow":["GET"]}}],"collection":[{"href":"https:\/\/staging.mittelalterkraemer.de\/index.php?rest_route=\/wp\/v2\/product"}],"about":[{"href":"https:\/\/staging.mittelalterkraemer.de\/index.php?rest_route=\/wp\/v2\/types\/product"}],"replies":[{"embeddable":true,"href":"https:\/\/staging.mittelalterkraemer.de\/index.php?rest_route=%2Fwp%2Fv2%2Fcomments&post=307"}],"wp:featuredmedia":[{"embeddable":true,"href":"https:\/\/staging.mittelalterkraemer.de\/index.php?rest_route=\/wp\/v2\/media\/308"}],"wp:attachment":[{"href":"https:\/\/staging.mittelalterkraemer.de\/index.php?rest_route=%2Fwp%2Fv2%2Fmedia&parent=307"}],"wp:term":[{"taxonomy":"product_cat","embeddable":true,"href":"https:\/\/staging.mittelalterkraemer.de\/index.php?rest_route=%2Fwp%2Fv2%2Fproduct_cat&post=307"},{"taxonomy":"product_tag","embeddable":true,"href":"https:\/\/staging.mittelalterkraemer.de\/index.php?rest_route=%2Fwp%2Fv2%2Fproduct_tag&post=307"}],"curies":[{"name":"wp","href":"https:\/\/api.w.org\/{rel}","templated":true}]}}