{"id":305,"date":"2020-09-25T12:25:50","date_gmt":"2020-09-25T12:25:50","guid":{"rendered":"https:\/\/staging.mittelalterkraemer.de\/?product=revolverlochzange-mit-hebeluebersetzung"},"modified":"2021-03-06T13:21:56","modified_gmt":"2021-03-06T11:21:56","slug":"revolverlochzange-mit-hebeluebersetzung","status":"publish","type":"product","link":"https:\/\/staging.mittelalterkraemer.de\/?product=revolverlochzange-mit-hebeluebersetzung","title":{"rendered":"Revolverlochzange mit Hebel\u00fcbersetzung"},"content":{"rendered":"<p>Glanzvernickelte Lochzangen zum Stanzen von L\u00f6chern in Leder-, Textil- und Kunststoffmaterial.<br \/>\nMit auswechselbaren Lochpfeifen, automatischem Feststeller und Sichtfenster. Ergonomisch geformte Kunststoffgriffe.<\/p>\n<p>L\u00e4nge: 250 mm \/ Lochpfeifen \u00d8: 2,0 &#8211; 4,5 mm (0,5 steigend)<\/p>\n<h1><b>Bis zu 70 % Kraftersparnis <\/b><\/h1>\n<p>&nbsp;<\/p>\n<p>Man muss es versucht haben! Es ist kaum zu glauben, aber bei der Bearbeitung vom einfachen Leder ist der Widerstand kaum sp\u00fcrbar. So ist die Bearbeitung von Leder selbst f\u00fcr die Kleinsten kein Problem und die Geldkatze nimmt schnell Gestalt an. Lochzangen sind bei der Lederarbeit die f\u00fcr Mittelalterdarstellung einfach unerl\u00e4sslich.<br \/>\nDiese Zange muss man getestet haben.<\/p>\n<p>Ein Mitglied unserer Darstellergruppe hat bei der Herstellung einer Do-Maru-Lederpanzerung f\u00fcr das japanische Mittelalter mit einer dieser Zangen mit EINER Lochpfeife 13.000 L\u00f6cher in 4 mm starkes beidseitig geh\u00e4rtetes Leder gemacht. Erst nach 10.000 L\u00f6chern lie\u00df der Schliff der Lochpfeife etwas nach und es wurde n\u00f6tig das harte Leder mit einem weichen zu unterlegen damit das Loch vollkommen ausgestanzt wird. Das Loch zu machen ist, aber nach 13.000 L\u00f6chern mit einer Lochpfeife immer noch kein Problem und kein Ding gro\u00dfer Anstrengung.<\/p>\n<p>\u2022 aus \u00f6lgeh\u00e4rtetem und gesenkgeschmiedetem Spezial-Werkzeugstahl<br \/>\n\u2022 Schneiden zus\u00e4tzlich induktiv geh\u00e4rtet<br \/>\n\u2022 Kopf poliert und PTFE-beschichtet<\/p>\n<p><span style=\"font-size: 75%;\">Dekorationsartikel geh\u00f6ren nicht zum Lieferumfang<\/span><\/p>\n","protected":false},"excerpt":{"rendered":"<p>Glanzvernickelte Lochzangen zum Stanzen von L\u00f6chern in Leder-, Textil- und Kunststoffmaterial. Mit auswechselbaren Lochpfeifen, automatischem Feststeller und Sichtfenster. Ergonomisch geformte Kunststoffgriffe. L\u00e4nge: 250 mm \/ Lochpfeifen \u00d8: 2,0 &#8211; 4,5 mm (0,5 steigend) Bis zu 70 % Kraftersparnis &nbsp; Man muss es versucht haben! Es ist kaum zu glauben, aber bei der Bearbeitung vom einfachen [&#8230;]\n","protected":false},"featured_media":306,"comment_status":"open","ping_status":"closed","template":"","meta":[],"product_cat":[144,85],"product_tag":[],"class_list":{"0":"post-305","1":"product","2":"type-product","3":"status-publish","4":"has-post-thumbnail","6":"product_cat-alltagsgegenstaende","7":"product_cat-bastelbedarf","8":"product_shipping_class-stdversand","9":"tm-no-options","11":"first","12":"instock","13":"taxable","14":"shipping-taxable","15":"purchasable","16":"product-type-simple"},"_links":{"self":[{"href":"https:\/\/staging.mittelalterkraemer.de\/index.php?rest_route=\/wp\/v2\/product\/305","targetHints":{"allow":["GET"]}}],"collection":[{"href":"https:\/\/staging.mittelalterkraemer.de\/index.php?rest_route=\/wp\/v2\/product"}],"about":[{"href":"https:\/\/staging.mittelalterkraemer.de\/index.php?rest_route=\/wp\/v2\/types\/product"}],"replies":[{"embeddable":true,"href":"https:\/\/staging.mittelalterkraemer.de\/index.php?rest_route=%2Fwp%2Fv2%2Fcomments&post=305"}],"wp:featuredmedia":[{"embeddable":true,"href":"https:\/\/staging.mittelalterkraemer.de\/index.php?rest_route=\/wp\/v2\/media\/306"}],"wp:attachment":[{"href":"https:\/\/staging.mittelalterkraemer.de\/index.php?rest_route=%2Fwp%2Fv2%2Fmedia&parent=305"}],"wp:term":[{"taxonomy":"product_cat","embeddable":true,"href":"https:\/\/staging.mittelalterkraemer.de\/index.php?rest_route=%2Fwp%2Fv2%2Fproduct_cat&post=305"},{"taxonomy":"product_tag","embeddable":true,"href":"https:\/\/staging.mittelalterkraemer.de\/index.php?rest_route=%2Fwp%2Fv2%2Fproduct_tag&post=305"}],"curies":[{"name":"wp","href":"https:\/\/api.w.org\/{rel}","templated":true}]}}