{"id":301,"date":"2020-09-25T12:25:50","date_gmt":"2020-09-25T10:25:50","guid":{"rendered":"https:\/\/staging.mittelalterkraemer.de\/?product=handtuchset"},"modified":"2021-03-06T13:22:41","modified_gmt":"2021-03-06T11:22:41","slug":"handtuchset","status":"publish","type":"product","link":"https:\/\/staging.mittelalterkraemer.de\/?product=handtuchset","title":{"rendered":"Handtuchset"},"content":{"rendered":"<p>Drei einfache Handt\u00fccher aus Leinen<br \/>\n2 kleine Handt\u00fccher (ca. 56 x 70 cm) und<br \/>\n1 gro\u00dfes Handtuch (ca. 70 x 117 cm)<\/p>\n<p><b>Diese Handt\u00fccher sind sehr praktisch und f\u00fcr alle die beim Kochen helfen Pflicht. Hiermit kann man nicht nur sich selber oder Geschirr abtrockenen, sondern vor allem die beim Kochen am offenen Feuer dauernd schwarzen Finger ganz einfach wieder putzen ohne seine Wollgew\u00e4nder f\u00fcr immer einzudrecken.<\/b><\/p>\n<p>Diese Handt\u00fccher, immer am G\u00fcrtel unserer K\u00fcchenm\u00e4gde, waren so schon ihr Gewicht in Gold wert. Die Sets die wir auf Lager haben sind im Gegensatz zu den anderen Textilien deshalb auch Maschinengen\u00e4ht und somit g\u00fcnstig. Sie sollen als bedenkenlos einsetzbare Gebrauchsartikel angesehen werden.<\/p>\n<p><span style=\"font-size: 75%;\">Dekorationsartikel geh\u00f6ren nicht zum Lieferumfang<\/span><\/p>\n<p><span style=\"font-size: 75%;\">**Komplett handvern\u00e4ht bedeutet dass alle N\u00e4hte von Hand vern\u00e4ht werden, inklusive aller sichtbaren und unsichtbaren N\u00e4hte.<\/span><\/p>\n","protected":false},"excerpt":{"rendered":"<p>Drei einfache Handt\u00fccher aus Leinen 2 kleine Handt\u00fccher (ca. 56 x 70 cm) und 1 gro\u00dfes Handtuch (ca. 70 x 117 cm) Diese Handt\u00fccher sind sehr praktisch und f\u00fcr alle die beim Kochen helfen Pflicht. Hiermit kann man nicht nur sich selber oder Geschirr abtrockenen, sondern vor allem die beim Kochen am offenen Feuer dauernd [&#8230;]\n","protected":false},"featured_media":302,"comment_status":"open","ping_status":"closed","template":"","meta":[],"product_cat":[144,80,81],"product_tag":[],"class_list":{"0":"post-301","1":"product","2":"type-product","3":"status-publish","4":"has-post-thumbnail","6":"product_cat-alltagsgegenstaende","7":"product_cat-kueche","8":"product_cat-lagerausstattung","9":"product_shipping_class-stdversand","10":"tm-has-options","12":"first","13":"instock","14":"taxable","15":"shipping-taxable","16":"purchasable","17":"product-type-simple"},"_links":{"self":[{"href":"https:\/\/staging.mittelalterkraemer.de\/index.php?rest_route=\/wp\/v2\/product\/301","targetHints":{"allow":["GET"]}}],"collection":[{"href":"https:\/\/staging.mittelalterkraemer.de\/index.php?rest_route=\/wp\/v2\/product"}],"about":[{"href":"https:\/\/staging.mittelalterkraemer.de\/index.php?rest_route=\/wp\/v2\/types\/product"}],"replies":[{"embeddable":true,"href":"https:\/\/staging.mittelalterkraemer.de\/index.php?rest_route=%2Fwp%2Fv2%2Fcomments&post=301"}],"wp:featuredmedia":[{"embeddable":true,"href":"https:\/\/staging.mittelalterkraemer.de\/index.php?rest_route=\/wp\/v2\/media\/302"}],"wp:attachment":[{"href":"https:\/\/staging.mittelalterkraemer.de\/index.php?rest_route=%2Fwp%2Fv2%2Fmedia&parent=301"}],"wp:term":[{"taxonomy":"product_cat","embeddable":true,"href":"https:\/\/staging.mittelalterkraemer.de\/index.php?rest_route=%2Fwp%2Fv2%2Fproduct_cat&post=301"},{"taxonomy":"product_tag","embeddable":true,"href":"https:\/\/staging.mittelalterkraemer.de\/index.php?rest_route=%2Fwp%2Fv2%2Fproduct_tag&post=301"}],"curies":[{"name":"wp","href":"https:\/\/api.w.org\/{rel}","templated":true}]}}