{"id":299,"date":"2020-09-25T12:25:50","date_gmt":"2020-09-25T12:25:50","guid":{"rendered":"https:\/\/staging.mittelalterkraemer.de\/?product=eine-bienenwachskerze"},"modified":"2021-03-06T13:28:38","modified_gmt":"2021-03-06T11:28:38","slug":"eine-bienenwachskerze","status":"publish","type":"product","link":"https:\/\/staging.mittelalterkraemer.de\/?product=eine-bienenwachskerze","title":{"rendered":"Eine Bienenwachskerze"},"content":{"rendered":"<p>Handgefertigte Bienenwachskerze<br \/>\nGewicht: ca. 90 g<br \/>\nH\u00f6he: ca. 18 cm<br \/>\nBrenndauer durchschnittlich 7 Stunden<\/p>\n<p><b>Diese Bienenwachskerzen wurden hergestellt wie im Mittelalter. Man tauchte einfach den Docht in fl\u00fcssiges Bienenwachs, hob ihn heraus und wartete bis das daran haftende Wachs ausgeh\u00e4rtet war. Dann wiederholte man die Prozedur. Solange bis man die gew\u00fcnschte St\u00e4rke erreicht hatte.<\/b><\/p>\n<p>Kerzen erlebten im Hochmittelalter einen regelrechten Boom was nicht zuletzt an den Stauferkaisern lag die im Heiligen Reich die B\u00fcrokratie mit Akten und Vertr\u00e4gen einf\u00fchrten die f\u00fcr jeden Teilnehmer kopiert werden mussten. Auch stieg die Zahl der Gebildeten die sich die Kopie eines Codices leisten konnten.<br \/>\nUnd so stieg nat\u00fcrlich auch der Bedarf in den Kirchen, damit die von der Natur vorgegebene t\u00e4gliche Arbeitszeit bei den Kalligraphen verl\u00e4ngert werden konnte.<br \/>\nDie Kirche machte sich dies zu Nutzen betrieb als erstes die Korbimkerei die vielerorts sogar der Kirche vorbehalten war. Der Handel mit Bienenwachs war einfach viel zu eintr\u00e4glich.<\/p>\n<p>Als Lichtquellen gab es bei uns nur den Kienspan, Talglichter und f\u00fcr die besser gestellten \u00d6llampen und am verbreitesten, weil sehr einfach zu handhaben, eben Bienenwachskerzen.<\/p>\n<p>Im Codex Manesse sieht man solche kr\u00e4ftig gelben Kerzen bei Bruder Eberhard von Sax. In der Maciejowski-Bibel zum Beispiel an den Seiten eines Altars auf der Folio 40 recto.<\/p>\n<p><span style=\"font-size: 75%;\">Dekorationsartikel geh\u00f6ren nicht zum Lieferumfang<\/span><\/p>\n","protected":false},"excerpt":{"rendered":"<p>Handgefertigte Bienenwachskerze Gewicht: ca. 90 g H\u00f6he: ca. 18 cm Brenndauer durchschnittlich 7 Stunden Diese Bienenwachskerzen wurden hergestellt wie im Mittelalter. Man tauchte einfach den Docht in fl\u00fcssiges Bienenwachs, hob ihn heraus und wartete bis das daran haftende Wachs ausgeh\u00e4rtet war. Dann wiederholte man die Prozedur. Solange bis man die gew\u00fcnschte St\u00e4rke erreicht hatte. Kerzen [&#8230;]\n","protected":false},"featured_media":300,"comment_status":"open","ping_status":"closed","template":"","meta":[],"product_cat":[144,81],"product_tag":[],"class_list":{"0":"post-299","1":"product","2":"type-product","3":"status-publish","4":"has-post-thumbnail","6":"product_cat-alltagsgegenstaende","7":"product_cat-lagerausstattung","8":"product_shipping_class-stdversand","9":"tm-no-options","11":"first","12":"instock","13":"taxable","14":"shipping-taxable","15":"purchasable","16":"product-type-simple"},"_links":{"self":[{"href":"https:\/\/staging.mittelalterkraemer.de\/index.php?rest_route=\/wp\/v2\/product\/299","targetHints":{"allow":["GET"]}}],"collection":[{"href":"https:\/\/staging.mittelalterkraemer.de\/index.php?rest_route=\/wp\/v2\/product"}],"about":[{"href":"https:\/\/staging.mittelalterkraemer.de\/index.php?rest_route=\/wp\/v2\/types\/product"}],"replies":[{"embeddable":true,"href":"https:\/\/staging.mittelalterkraemer.de\/index.php?rest_route=%2Fwp%2Fv2%2Fcomments&post=299"}],"wp:featuredmedia":[{"embeddable":true,"href":"https:\/\/staging.mittelalterkraemer.de\/index.php?rest_route=\/wp\/v2\/media\/300"}],"wp:attachment":[{"href":"https:\/\/staging.mittelalterkraemer.de\/index.php?rest_route=%2Fwp%2Fv2%2Fmedia&parent=299"}],"wp:term":[{"taxonomy":"product_cat","embeddable":true,"href":"https:\/\/staging.mittelalterkraemer.de\/index.php?rest_route=%2Fwp%2Fv2%2Fproduct_cat&post=299"},{"taxonomy":"product_tag","embeddable":true,"href":"https:\/\/staging.mittelalterkraemer.de\/index.php?rest_route=%2Fwp%2Fv2%2Fproduct_tag&post=299"}],"curies":[{"name":"wp","href":"https:\/\/api.w.org\/{rel}","templated":true}]}}