{"id":291,"date":"2020-09-25T12:25:32","date_gmt":"2020-09-25T12:25:32","guid":{"rendered":"https:\/\/staging.mittelalterkraemer.de\/?product=nestelband"},"modified":"2021-03-08T18:24:52","modified_gmt":"2021-03-08T16:24:52","slug":"nestelband","status":"publish","type":"product","link":"https:\/\/staging.mittelalterkraemer.de\/?product=nestelband","title":{"rendered":"Nestelband"},"content":{"rendered":"<p>Ein handgeflochtenes Nestelband aus Leinenfaden mit Nestelspitzen aus Messing.<br \/>\nL\u00e4nge: 50 cm<br \/>\nFarbe: Natur, wei\u00df und schwarz auf Lager und immer sofort erh\u00e4ltlich.<\/p>\n<p>Andere <a href=\"https:\/\/staging.mittelalterkraemer.de\/?page_id=8707\"><u>Farben<\/u><\/a> bei einer Lieferzeit von 6 &#8211; 12 Wochen ebenfalls m\u00f6glich.<\/p>\n<p><b>Mit derartigen Nestelb\u00e4nder wurde Kleidung geschlossen, Kleidungsteile angebracht (\u00c4rmel) und ganze Kleidungsst\u00fccke befestigt.<\/b><\/p>\n<p>Wie zum Beispiel auf Folio 35 verso in der Maciejowski-Bibel wo der Verwundete seine Beinlinge mit Nestelb\u00e4ndern an der Bruche anbrachte.<br \/>\nDie Nestelspitzen aus Messing sorgten f\u00fcr leichteres Einf\u00e4deln und verhinderten ein aufdr\u00f6seln des Bands.<\/p>\n<p><span style=\"font-size: 75%;\">Dekorationsartikel geh\u00f6ren nicht zum Lieferumfang<\/span><\/p>\n","protected":false},"excerpt":{"rendered":"<p>Ein handgeflochtenes Nestelband aus Leinenfaden mit Nestelspitzen aus Messing. L\u00e4nge: 50 cm Farbe: Natur, wei\u00df und schwarz auf Lager und immer sofort erh\u00e4ltlich. Andere Farben bei einer Lieferzeit von 6 &#8211; 12 Wochen ebenfalls m\u00f6glich. Mit derartigen Nestelb\u00e4nder wurde Kleidung geschlossen, Kleidungsteile angebracht (\u00c4rmel) und ganze Kleidungsst\u00fccke befestigt. Wie zum Beispiel auf Folio 35 verso [&#8230;]\n","protected":false},"featured_media":292,"comment_status":"open","ping_status":"closed","template":"","meta":[],"product_cat":[77,75,87],"product_tag":[],"class_list":{"0":"post-291","1":"product","2":"type-product","3":"status-publish","4":"has-post-thumbnail","6":"product_cat-accessoires","7":"product_cat-kleidung-herren","8":"product_cat-unterbekleidung","9":"product_shipping_class-stdversand","10":"tm-has-options","12":"first","13":"instock","14":"taxable","15":"shipping-taxable","16":"purchasable","17":"product-type-simple"},"_links":{"self":[{"href":"https:\/\/staging.mittelalterkraemer.de\/index.php?rest_route=\/wp\/v2\/product\/291","targetHints":{"allow":["GET"]}}],"collection":[{"href":"https:\/\/staging.mittelalterkraemer.de\/index.php?rest_route=\/wp\/v2\/product"}],"about":[{"href":"https:\/\/staging.mittelalterkraemer.de\/index.php?rest_route=\/wp\/v2\/types\/product"}],"replies":[{"embeddable":true,"href":"https:\/\/staging.mittelalterkraemer.de\/index.php?rest_route=%2Fwp%2Fv2%2Fcomments&post=291"}],"wp:featuredmedia":[{"embeddable":true,"href":"https:\/\/staging.mittelalterkraemer.de\/index.php?rest_route=\/wp\/v2\/media\/292"}],"wp:attachment":[{"href":"https:\/\/staging.mittelalterkraemer.de\/index.php?rest_route=%2Fwp%2Fv2%2Fmedia&parent=291"}],"wp:term":[{"taxonomy":"product_cat","embeddable":true,"href":"https:\/\/staging.mittelalterkraemer.de\/index.php?rest_route=%2Fwp%2Fv2%2Fproduct_cat&post=291"},{"taxonomy":"product_tag","embeddable":true,"href":"https:\/\/staging.mittelalterkraemer.de\/index.php?rest_route=%2Fwp%2Fv2%2Fproduct_tag&post=291"}],"curies":[{"name":"wp","href":"https:\/\/api.w.org\/{rel}","templated":true}]}}