{"id":289,"date":"2020-09-25T12:25:32","date_gmt":"2020-09-25T12:25:32","guid":{"rendered":"https:\/\/staging.mittelalterkraemer.de\/?product=schultertasche-aus-leinen"},"modified":"2021-03-06T13:38:52","modified_gmt":"2021-03-06T11:38:52","slug":"schultertasche-aus-leinen","status":"publish","type":"product","link":"https:\/\/staging.mittelalterkraemer.de\/?product=schultertasche-aus-leinen","title":{"rendered":"Schultertasche aus Leinen"},"content":{"rendered":"<p>Eine reine Stofftasche aus Leinen (Natur auf Lager, siehe Foto)<br \/>\nBreite: 40 cm<br \/>\nH\u00f6he: 30 cm<br \/>\nBreite Trageriemen: 4 cm<\/p>\n<p>Wei\u00df oder natur.<\/p>\n<p><b>Diese einfach rechteckige Tasche erlaubte den Tr\u00e4gern einiges auf Reisen mitzunehmen. Durch ihr die stabile Verarbeitung aus zwei Lagen Leinen (Tasche und Riemen) und den breiten und dadurch bequemen Riemen kann man wirklich viel damit transportieren. Der Deckel wird einfach \u00fcber die Tasche geschlagen.<\/b><\/p>\n<p>Ob Pilger, Bauer oder Soldat. Jeder der sich auch eine l\u00e4ngere Reise machte konnte so das n\u00f6tigste transportieren.<br \/>\nDiese Tasche ist aus reinem Leinen und nicht mehr, kann also sicher auch nachtr\u00e4glich nach Wunsch gef\u00e4rbt werden. Au\u00dferdem war sie so (ohne Metal und Leder) sicher auch damals f\u00fcr alle erschwinglich.<\/p>\n<p>Eine \u00e4hnliche aber noch etwas aufwendiger gearbeitete Tasche findet sich auf Folio 15 verso in der Maciejowski Bibel.<\/p>\n<p><span style=\"font-size: 75%;\">Dekorationsartikel geh\u00f6ren nicht zum Lieferumfang<\/span><\/p>\n<p><span style=\"font-size: 75%;\">**Komplett handvern\u00e4ht bedeutet dass alle N\u00e4hte von Hand vern\u00e4ht werden, inklusive aller sichtbaren und unsichtbaren N\u00e4hte.<\/span><\/p>\n","protected":false},"excerpt":{"rendered":"<p>Eine reine Stofftasche aus Leinen (Natur auf Lager, siehe Foto) Breite: 40 cm H\u00f6he: 30 cm Breite Trageriemen: 4 cm Wei\u00df oder natur. Diese einfach rechteckige Tasche erlaubte den Tr\u00e4gern einiges auf Reisen mitzunehmen. Durch ihr die stabile Verarbeitung aus zwei Lagen Leinen (Tasche und Riemen) und den breiten und dadurch bequemen Riemen kann man [&#8230;]\n","protected":false},"featured_media":290,"comment_status":"open","ping_status":"closed","template":"","meta":[],"product_cat":[77,131],"product_tag":[],"class_list":{"0":"post-289","1":"product","2":"type-product","3":"status-publish","4":"has-post-thumbnail","6":"product_cat-accessoires","7":"product_cat-taschen","8":"product_shipping_class-stdversand","9":"tm-has-options","11":"first","12":"instock","13":"taxable","14":"shipping-taxable","15":"purchasable","16":"product-type-simple"},"_links":{"self":[{"href":"https:\/\/staging.mittelalterkraemer.de\/index.php?rest_route=\/wp\/v2\/product\/289","targetHints":{"allow":["GET"]}}],"collection":[{"href":"https:\/\/staging.mittelalterkraemer.de\/index.php?rest_route=\/wp\/v2\/product"}],"about":[{"href":"https:\/\/staging.mittelalterkraemer.de\/index.php?rest_route=\/wp\/v2\/types\/product"}],"replies":[{"embeddable":true,"href":"https:\/\/staging.mittelalterkraemer.de\/index.php?rest_route=%2Fwp%2Fv2%2Fcomments&post=289"}],"wp:featuredmedia":[{"embeddable":true,"href":"https:\/\/staging.mittelalterkraemer.de\/index.php?rest_route=\/wp\/v2\/media\/290"}],"wp:attachment":[{"href":"https:\/\/staging.mittelalterkraemer.de\/index.php?rest_route=%2Fwp%2Fv2%2Fmedia&parent=289"}],"wp:term":[{"taxonomy":"product_cat","embeddable":true,"href":"https:\/\/staging.mittelalterkraemer.de\/index.php?rest_route=%2Fwp%2Fv2%2Fproduct_cat&post=289"},{"taxonomy":"product_tag","embeddable":true,"href":"https:\/\/staging.mittelalterkraemer.de\/index.php?rest_route=%2Fwp%2Fv2%2Fproduct_tag&post=289"}],"curies":[{"name":"wp","href":"https:\/\/api.w.org\/{rel}","templated":true}]}}