{"id":287,"date":"2020-09-25T12:25:32","date_gmt":"2020-09-25T12:25:32","guid":{"rendered":"https:\/\/staging.mittelalterkraemer.de\/?product=lederne-guerteltasche-bzw-nierentasche"},"modified":"2021-03-06T13:44:21","modified_gmt":"2021-03-06T11:44:21","slug":"lederne-guerteltasche-bzw-nierentasche","status":"publish","type":"product","link":"https:\/\/staging.mittelalterkraemer.de\/?product=lederne-guerteltasche-bzw-nierentasche","title":{"rendered":"Lederne G\u00fcrteltasche bzw. Nierentasche"},"content":{"rendered":"<p>Eine Lederne G\u00fcrteltasche mit Deckel und Metallschnalle als Schlie\u00dfe.<br \/>\nBreite: 21 cm<br \/>\nH\u00f6he: 14 cm<br \/>\nWir haben die Farben Braun (Einklinker mit Schlie\u00dfe als Beispiel) und Schwarz auf Lager (Bild).<\/p>\n<p><b>Die Tasche hat die Form einer Niere, daher der Name. Solche Taschen waren mangels eingen\u00e4hter Taschen in Jacken und Hosen, nicht nur h\u00fcbsch anzusehen sondern in irgendeiner Form unbedingt n\u00f6tig um kleine Dinge die man mit sich f\u00fchren wollte zu transportieren.<\/b><\/p>\n<p>G\u00fcrteltaschen in Nierenform waren ab Anfang des 13. Jahrhunderts Mode und hielten sich bis ans Ende des Mittelalters.<br \/>\nIm Codex Manesse tr\u00e4gt der Berater oder der Knecht des Burggrafen von Rietenburg eine solche Tasche. Dass der Dolch zwischen den beiden Aufh\u00e4ngungen am G\u00fcrtel getragen wurde sieht man recht h\u00e4ufig. Eigentlich logisch da Tasche und Dolch an einer gleich gut erreichbaren Stelle am G\u00fcrtel getragen werden mussten um sie schnell und einfach greifen zu k\u00f6nnen.<\/p>\n<p><span style=\"font-size: 75%;\">Dekorationsartikel geh\u00f6ren nicht zum Lieferumfang<\/span><\/p>\n","protected":false},"excerpt":{"rendered":"<p>Eine Lederne G\u00fcrteltasche mit Deckel und Metallschnalle als Schlie\u00dfe. Breite: 21 cm H\u00f6he: 14 cm Wir haben die Farben Braun (Einklinker mit Schlie\u00dfe als Beispiel) und Schwarz auf Lager (Bild). Die Tasche hat die Form einer Niere, daher der Name. Solche Taschen waren mangels eingen\u00e4hter Taschen in Jacken und Hosen, nicht nur h\u00fcbsch anzusehen sondern [&#8230;]\n","protected":false},"featured_media":288,"comment_status":"open","ping_status":"closed","template":"","meta":[],"product_cat":[77,131],"product_tag":[],"class_list":{"0":"post-287","1":"product","2":"type-product","3":"status-publish","4":"has-post-thumbnail","6":"product_cat-accessoires","7":"product_cat-taschen","8":"product_shipping_class-stdversand","9":"tm-no-options","11":"first","12":"instock","13":"taxable","14":"shipping-taxable","15":"purchasable","16":"product-type-variable"},"_links":{"self":[{"href":"https:\/\/staging.mittelalterkraemer.de\/index.php?rest_route=\/wp\/v2\/product\/287","targetHints":{"allow":["GET"]}}],"collection":[{"href":"https:\/\/staging.mittelalterkraemer.de\/index.php?rest_route=\/wp\/v2\/product"}],"about":[{"href":"https:\/\/staging.mittelalterkraemer.de\/index.php?rest_route=\/wp\/v2\/types\/product"}],"replies":[{"embeddable":true,"href":"https:\/\/staging.mittelalterkraemer.de\/index.php?rest_route=%2Fwp%2Fv2%2Fcomments&post=287"}],"wp:featuredmedia":[{"embeddable":true,"href":"https:\/\/staging.mittelalterkraemer.de\/index.php?rest_route=\/wp\/v2\/media\/288"}],"wp:attachment":[{"href":"https:\/\/staging.mittelalterkraemer.de\/index.php?rest_route=%2Fwp%2Fv2%2Fmedia&parent=287"}],"wp:term":[{"taxonomy":"product_cat","embeddable":true,"href":"https:\/\/staging.mittelalterkraemer.de\/index.php?rest_route=%2Fwp%2Fv2%2Fproduct_cat&post=287"},{"taxonomy":"product_tag","embeddable":true,"href":"https:\/\/staging.mittelalterkraemer.de\/index.php?rest_route=%2Fwp%2Fv2%2Fproduct_tag&post=287"}],"curies":[{"name":"wp","href":"https:\/\/api.w.org\/{rel}","templated":true}]}}