{"id":285,"date":"2020-09-25T12:25:32","date_gmt":"2020-09-25T12:25:32","guid":{"rendered":"https:\/\/staging.mittelalterkraemer.de\/?product=hochmittelalter-guertel-mit-blumenpraegung-und-beschlaegen"},"modified":"2021-03-06T13:44:37","modified_gmt":"2021-03-06T11:44:37","slug":"hochmittelalter-guertel-mit-blumenpraegung-und-beschlaegen","status":"publish","type":"product","link":"https:\/\/staging.mittelalterkraemer.de\/?product=hochmittelalter-guertel-mit-blumenpraegung-und-beschlaegen","title":{"rendered":"Hochmittelalter &#8211; G\u00fcrtel mit Blumenpr\u00e4gung und Beschl\u00e4gen"},"content":{"rendered":"<p>Es handelt sich hier um einen braunen oder naturfarbenen Lederg\u00fcrtel mit rautenf\u00f6rmiger Blumenpr\u00e4gung.<br \/>\nBreite: 2 cm<br \/>\nL\u00e4nge: 1,55 m<br \/>\nLederst\u00e4rke 3,5 mm<\/p>\n<p><b> Der G\u00fcrtel aus braunem Leder ist \u00fcber die ganze L\u00e4nge mit einer Blumenpr\u00e4gung in kleinen Rauten verziert. Es gibt mehrere Diamanten mit Blumen \u00fcber die ganze G\u00fcrtelbreite. An der Zunge und an der Schnalle ist der G\u00fcrtel mit verzierten Messingbeschl\u00e4gen verst\u00e4rkt. <\/b><\/p>\n<p>G\u00fcrtel waren in allen Bev\u00f6lkerungsgruppen verbreitet und notwendiges \u00dcbel wenn man so will. Taschen in Jacken und Hosen waren noch nicht erfunden und so musste alles was man am Leib trug am G\u00fcrtel befestigt werden (Almosenbeutel, Gebrauchsmesser&#8230;). Au\u00dferdem wurden durch G\u00fcrtel die wenig k\u00f6rperbetonten Kleidungsst\u00fccke an Ort und Stelle gehalten.<\/p>\n<p>Nat\u00fcrlich waren lederne G\u00fcrtel, vor allem mit Beschl\u00e4gen eher f\u00fcr die reicheren der Gesellschaft. Bauern und anderes niedriges Volk trugen vorwiegend Borten, Kordeln oder einfache Seile als G\u00fcrtel.<\/p>\n<p>Die Schnalle dieses G\u00fcrtels basiert auf Funden in England, die Pr\u00e4gung auf einen Fund in London und die Beschl\u00e4ge auf Funde in Breslau. Das Leder ist mit nat\u00fcrlichen Pigmenten gef\u00e4rbt.<br \/>\nEinen solchen langen G\u00fcrtel mit Beschl\u00e4gen und Schnallen tr\u00e4gt zum Beispiel Herr Reinmar von Brennenberg im Codex Manesse.<\/p>\n<p><span style=\"font-size: 75%;\">Dekorationsartikel geh\u00f6ren nicht zum Lieferumfang<\/span><\/p>\n","protected":false},"excerpt":{"rendered":"<p>Es handelt sich hier um einen braunen oder naturfarbenen Lederg\u00fcrtel mit rautenf\u00f6rmiger Blumenpr\u00e4gung. Breite: 2 cm L\u00e4nge: 1,55 m Lederst\u00e4rke 3,5 mm Der G\u00fcrtel aus braunem Leder ist \u00fcber die ganze L\u00e4nge mit einer Blumenpr\u00e4gung in kleinen Rauten verziert. Es gibt mehrere Diamanten mit Blumen \u00fcber die ganze G\u00fcrtelbreite. An der Zunge und an der [&#8230;]\n","protected":false},"featured_media":286,"comment_status":"open","ping_status":"closed","template":"","meta":[],"product_cat":[77,129],"product_tag":[],"class_list":{"0":"post-285","1":"product","2":"type-product","3":"status-publish","4":"has-post-thumbnail","6":"product_cat-accessoires","7":"product_cat-guertel-baender","8":"product_shipping_class-stdversand","9":"tm-no-options","11":"first","12":"instock","13":"taxable","14":"shipping-taxable","15":"purchasable","16":"product-type-variable"},"_links":{"self":[{"href":"https:\/\/staging.mittelalterkraemer.de\/index.php?rest_route=\/wp\/v2\/product\/285","targetHints":{"allow":["GET"]}}],"collection":[{"href":"https:\/\/staging.mittelalterkraemer.de\/index.php?rest_route=\/wp\/v2\/product"}],"about":[{"href":"https:\/\/staging.mittelalterkraemer.de\/index.php?rest_route=\/wp\/v2\/types\/product"}],"replies":[{"embeddable":true,"href":"https:\/\/staging.mittelalterkraemer.de\/index.php?rest_route=%2Fwp%2Fv2%2Fcomments&post=285"}],"wp:featuredmedia":[{"embeddable":true,"href":"https:\/\/staging.mittelalterkraemer.de\/index.php?rest_route=\/wp\/v2\/media\/286"}],"wp:attachment":[{"href":"https:\/\/staging.mittelalterkraemer.de\/index.php?rest_route=%2Fwp%2Fv2%2Fmedia&parent=285"}],"wp:term":[{"taxonomy":"product_cat","embeddable":true,"href":"https:\/\/staging.mittelalterkraemer.de\/index.php?rest_route=%2Fwp%2Fv2%2Fproduct_cat&post=285"},{"taxonomy":"product_tag","embeddable":true,"href":"https:\/\/staging.mittelalterkraemer.de\/index.php?rest_route=%2Fwp%2Fv2%2Fproduct_tag&post=285"}],"curies":[{"name":"wp","href":"https:\/\/api.w.org\/{rel}","templated":true}]}}