{"id":279,"date":"2020-09-25T12:25:32","date_gmt":"2020-09-25T12:25:32","guid":{"rendered":"https:\/\/staging.mittelalterkraemer.de\/?product=hochmittelalter-pilgerabzeichen-karl-der-grosse"},"modified":"2021-03-06T13:45:30","modified_gmt":"2021-03-06T11:45:30","slug":"hochmittelalter-pilgerabzeichen-karl-der-grosse","status":"publish","type":"product","link":"https:\/\/staging.mittelalterkraemer.de\/?product=hochmittelalter-pilgerabzeichen-karl-der-grosse","title":{"rendered":"Hochmittelalter &#8211; Pilgerabzeichen &#8220;Karl der Gro\u00dfe&#8221;"},"content":{"rendered":"<p>Ein Pilgerabzeichen aus Zinn.<br \/>\nMa\u00dfe: 4 cm auf 3,2 cm<\/p>\n<p><b>Hier handelt es sich um die Nachbildung eines Pilgerabzeichen das den Pilgern des Mittelalters verliehen wurde wenn sie nach Aachen pilgerten.<br \/>\nSolche Pilgerabezeichen sind bei katholischen Pilgern noch heute \u00fcblich. Es handelt sich um eine Art Orden als Auszeichnung f\u00fcr das erfolgreiche Erreichen des Pilgerortes.<\/b><\/p>\n<p>Aachen war im Mittelalter eine der ber\u00fchmtesten Pilgerst\u00e4tten des christlichen Europas. Wobei im diesem Fall doch eigentlich ein sehr weltlicher Herrscher der Hauptgrund f\u00fcr die Reise ist.<br \/>\nAachen ist die Kr\u00f6nungsst\u00e4tte Karl des Gro\u00dfen, Carolus Magnus oder Charlemagne.<br \/>\nDer fr\u00e4nkische Herrscher wurde zum Vorbild der gesamten Christenheit und nach seiner Heiligsprechung am 29. Dezember 1165, auf Initiative Kaiser Friedrich Barbarossas durch Gegenpapst Paschalis III., Grund f\u00fcr viele diesen Ort zu besuchen.<br \/>\nEr galt durch seine Eroberungen und anschlie\u00dfender Christianisierung als &#8220;Pater Europae&#8221;, als Vater Europas, und ist auch heute noch in Aachen begraben.<\/p>\n<p>Weitere, nicht viel weniger beeindruckende, Reliquien waren und sind die Windel und das Lendentuch Christi, das Marienkleid und das Enthauptungstuch Johannes des T\u00e4ufers.<\/p>\n<p>Gefunden wurde genau dieses Zinnabzeichen das hier als Vorlage diente in Dordrecht, Rotterdam, Vlaardingen, Zierikize und London. Das Material dieser Fundst\u00fccke datierte von 1250 bis 1475. Man kann aber annehmen dass dieses oder ein \u00e4hnliches Zeichen ab der Heiligsprechung verwendet wurde, denn Pilgerzeichen an sich sind ab Mitte des 12. Jahrhunderts \u00fcblich.<\/p>\n<p><span style=\"font-size: 75%;\">Dekorationsartikel geh\u00f6ren nicht zum Lieferumfang<\/span><\/p>\n","protected":false},"excerpt":{"rendered":"<p>Ein Pilgerabzeichen aus Zinn. Ma\u00dfe: 4 cm auf 3,2 cm Hier handelt es sich um die Nachbildung eines Pilgerabzeichen das den Pilgern des Mittelalters verliehen wurde wenn sie nach Aachen pilgerten. Solche Pilgerabezeichen sind bei katholischen Pilgern noch heute \u00fcblich. Es handelt sich um eine Art Orden als Auszeichnung f\u00fcr das erfolgreiche Erreichen des Pilgerortes. [&#8230;]\n","protected":false},"featured_media":280,"comment_status":"open","ping_status":"closed","template":"","meta":[],"product_cat":[77,130],"product_tag":[],"class_list":{"0":"post-279","1":"product","2":"type-product","3":"status-publish","4":"has-post-thumbnail","6":"product_cat-accessoires","7":"product_cat-geschmeide-sakramentale","8":"product_shipping_class-stdversand","9":"tm-no-options","11":"first","12":"instock","13":"taxable","14":"shipping-taxable","15":"purchasable","16":"product-type-simple"},"_links":{"self":[{"href":"https:\/\/staging.mittelalterkraemer.de\/index.php?rest_route=\/wp\/v2\/product\/279","targetHints":{"allow":["GET"]}}],"collection":[{"href":"https:\/\/staging.mittelalterkraemer.de\/index.php?rest_route=\/wp\/v2\/product"}],"about":[{"href":"https:\/\/staging.mittelalterkraemer.de\/index.php?rest_route=\/wp\/v2\/types\/product"}],"replies":[{"embeddable":true,"href":"https:\/\/staging.mittelalterkraemer.de\/index.php?rest_route=%2Fwp%2Fv2%2Fcomments&post=279"}],"wp:featuredmedia":[{"embeddable":true,"href":"https:\/\/staging.mittelalterkraemer.de\/index.php?rest_route=\/wp\/v2\/media\/280"}],"wp:attachment":[{"href":"https:\/\/staging.mittelalterkraemer.de\/index.php?rest_route=%2Fwp%2Fv2%2Fmedia&parent=279"}],"wp:term":[{"taxonomy":"product_cat","embeddable":true,"href":"https:\/\/staging.mittelalterkraemer.de\/index.php?rest_route=%2Fwp%2Fv2%2Fproduct_cat&post=279"},{"taxonomy":"product_tag","embeddable":true,"href":"https:\/\/staging.mittelalterkraemer.de\/index.php?rest_route=%2Fwp%2Fv2%2Fproduct_tag&post=279"}],"curies":[{"name":"wp","href":"https:\/\/api.w.org\/{rel}","templated":true}]}}