{"id":272,"date":"2020-09-25T12:25:32","date_gmt":"2020-09-25T12:25:32","guid":{"rendered":"https:\/\/staging.mittelalterkraemer.de\/?product=hochmittelalter-stoffpanzer-mit-zaddeln"},"modified":"2021-03-08T18:24:52","modified_gmt":"2021-03-08T16:24:52","slug":"hochmittelalter-stoffpanzer-mit-zaddeln","status":"publish","type":"product","link":"https:\/\/staging.mittelalterkraemer.de\/?product=hochmittelalter-stoffpanzer-mit-zaddeln","title":{"rendered":"Hochmittelalter &#8211; Stoffpanzer mit Zaddeln"},"content":{"rendered":"<p>Gambeson, bzw. Aketon, das hei\u00dft Stoffpanzerung aus mehreren Lagen am Oberk\u00f6rper im Zick-Zack-Muster gesteppt.<br \/>\nDiese spezielle Ausf\u00fchrung ist mit Zaddeln versehen. Die Farben f\u00fcr Obermaterial und die Streifen sind frei w\u00e4hl- und kombinierbar.<\/p>\n<p>Dieser Gambeson ist nicht auf Lager und wird individuell gefertigt.<\/p>\n<p>M = 89 &#8211; 94 cm um die H\u00fcfte, Brust 95 &#8211; 105 cm<br \/>\nL = 95 &#8211; 107 cm um die H\u00fcfte, Brust 105 &#8211; 120 cm<br \/>\nXL = 105 &#8211; 120 cm um die H\u00fcfte, Brust 110 &#8211; 135 cm<\/p>\n<p>Wir bieten auch Ma\u00dfanfertigungen an.<br \/>\nWaren auf Ma\u00df sind vom Umtausch ausgeschlossen.<br \/>\nEine Tabelle f\u00fcr die erforderlichen Ma\u00dfe wird von uns nach Zahlungseingang versendet.<\/p>\n<p>Eine Lieferzeit von 6-8 Wochen ist deswegen einzurechnen.<\/p>\n<p>Ein wirklich au\u00dfergew\u00f6hnliches St\u00fcck das es nicht verdient unter einem Kettenhemd versteckt zu werden.<\/p>\n<p><b><br \/>\nDieses Exemplar ist in der f\u00fcr das Hochmittelalter typischen L\u00e4nge gefertigt und besteht aus Leinen,<br \/>\ninnen durch mehrere Lagen aufgepolstert. Er wird \u00fcber den Kopf gezogen und kann<br \/>\nam Hals mit zwei Kn\u00f6pfen verschlossen werden. An den Achseln und in den<br \/>\nEllenbeugen ist die Polsterung nicht so dick damit die Bewegung in dieser<br \/>\nschweren R\u00fcstung nicht allzu sehr eingeschr\u00e4nkt ist.<\/b><\/p>\n<p>Wie gesagt, dieser Stoffpanzer ist auf mehreren Lagen Leinenstoff und Vlies und daher dicker als viele andere erh\u00e4ltliche (zwei Lagen Vlies am K\u00f6rper, eine an den Armen). Die \u00e4u\u00dfere Leinenschicht ist mit einer unsichtbaren Baumwollschicht verst\u00e4rkt.<\/p>\n<p>Diese Art von Stoffpanzer war \u00fcber das ganze Hochmittelalter \u00fcblich und ist so in der Maciejowski Bibel oder im Codex Manesse (Seite 122) abgebildet ist.<br \/>\nDiese spezielle Version mit den Zaddeln findet ihr in der Maciejowksi Bibel gleich zweimal abgebildet (Folio 3 verso\/Folio 10 recto).<br \/>\nZaddeln sind gerade f\u00fcr den deutschen Herrschaftsbereich sehr typisch und setzten sich gegen Ende des Hochmittelalters immer mehr durch.<br \/>\nEinige Beispiele f\u00fcr &#8220;tyisch deutsche&#8221; Zaddeln findet man im Sachsenspiegel. Speziell an einem Mann unter Waffen auf der Folio 85 recto.<br \/>\nDie verzierte Ausf\u00fchrung (Zick-Zack-Steppung am Oberk\u00f6rper und Streifen um die H\u00fcfte) wiederum deutet auf eine reichere Stadt (Oberitalien?) hin, die zwar Geld hatte sich aber trotz allem keine Kettenhemden leisten konnte. Stoffpanzerungen bzw. in unserem Sprachraum Sarr\u00f6cke sind die g\u00e4ngigste Art eines Kriegers sich zu<br \/>\nsch\u00fctzen.<\/p>\n<p>In diesem Fall handelt es sich genaugenommen um einen Aketon, nicht um einen Gambeson. Gambeson hatten eine rautenf\u00f6rmige Steppung da in sie loses Material wie Pferdehaar und dergleichen eingen\u00e4ht war. Bei der parallelen Steppung der Aketons w\u00fcrde dieses Material verrutschen, da Aketons aus mehreren Schichten Stoff bestehen ist dies aber kein Problem.<\/p>\n<p>Aketons sind also die einfachste M\u00f6glichkeit sich zu sch\u00fctzen.<br \/>\nKettenhemden waren im Hochmittelalter noch selten und selbst als Tr\u00e4ger eines<br \/>\nKettenhemdes Bedarf es eines Stoffpanzers, der vor den viel schlimmeren Br\u00fcchen<br \/>\nund Platzwunden sch\u00fctzt. Schnitte, vor denen ein Kettenhemd sch\u00fctzte waren<br \/>\nvergleichsweise harmlose Verletzungen, weil sie gut wieder verheilten.<\/p>\n<p><a href=\"https:\/\/staging.mittelalterkraemer.de\/?product=polsterhandschuhe\"><u>Gepolsterte Handschuhe<\/u><\/a> und einen entsprechenden <a href=\"https:\/\/staging.mittelalterkraemer.de\/?product=polsterhaube-mit-kragen\"><u>Polsterhut mit Kragen <\/u><\/a>oder eine <a href=\"https:\/\/staging.mittelalterkraemer.de\/?product=polsterhaube\"><u>Haube<\/u><\/a> die diesen Stoffpanzer vervollst\u00e4ndigen findet ihr auch hier im Shop.<\/p>\n<p><span style=\"font-size: 75%;\">Dekorationsartikel geh\u00f6ren nicht zum Lieferumfang<\/span><\/p>\n<p><span style=\"font-size: 75%;\">*Ma\u00dfgefertigte Produkte werden individuell auf vom Kunden zur Verf\u00fcgung gestellten Ma\u00dfen angefertigt. Die entsprechende Ma\u00dftabelle wird nach Bestellung an die angegebene E-Mail-Adresse versendet. Die Ma\u00dfe m\u00fcssen so genommen werden wie die Kleidung nachher getragen werden soll, also mit entsprechender Unterw\u00e4sche\/-kleidung, falls gew\u00fcnscht. Ma\u00dfgefertigte Waren sind vom Umtausch ausgeschlossen.<\/span><\/p>\n<p><span style=\"font-size: 75%;\">**Komplett handvern\u00e4ht bedeutet dass alle N\u00e4hte von Hand vern\u00e4ht werden, inklusive aller sichtbaren und unsichtbaren N\u00e4hte.<\/span><\/p>\n","protected":false},"excerpt":{"rendered":"<p>Gambeson, bzw. Aketon, das hei\u00dft Stoffpanzerung aus mehreren Lagen am Oberk\u00f6rper im Zick-Zack-Muster gesteppt. Diese spezielle Ausf\u00fchrung ist mit Zaddeln versehen. Die Farben f\u00fcr Obermaterial und die Streifen sind frei w\u00e4hl- und kombinierbar. Dieser Gambeson ist nicht auf Lager und wird individuell gefertigt. M = 89 &#8211; 94 cm um die H\u00fcfte, Brust 95 &#8211; [&#8230;]\n","protected":false},"featured_media":273,"comment_status":"open","ping_status":"closed","template":"","meta":[],"product_cat":[76,97],"product_tag":[],"class_list":{"0":"post-272","1":"product","2":"type-product","3":"status-publish","4":"has-post-thumbnail","6":"product_cat-ruestzeug-trainingszubehoer-schilde","7":"product_cat-stoffpanzerung-gambeson-ruestzeug","8":"product_shipping_class-stdversand","9":"tm-has-options","11":"first","12":"instock","13":"taxable","14":"shipping-taxable","15":"purchasable","16":"product-type-variable","17":"has-default-attributes"},"_links":{"self":[{"href":"https:\/\/staging.mittelalterkraemer.de\/index.php?rest_route=\/wp\/v2\/product\/272","targetHints":{"allow":["GET"]}}],"collection":[{"href":"https:\/\/staging.mittelalterkraemer.de\/index.php?rest_route=\/wp\/v2\/product"}],"about":[{"href":"https:\/\/staging.mittelalterkraemer.de\/index.php?rest_route=\/wp\/v2\/types\/product"}],"replies":[{"embeddable":true,"href":"https:\/\/staging.mittelalterkraemer.de\/index.php?rest_route=%2Fwp%2Fv2%2Fcomments&post=272"}],"wp:featuredmedia":[{"embeddable":true,"href":"https:\/\/staging.mittelalterkraemer.de\/index.php?rest_route=\/wp\/v2\/media\/273"}],"wp:attachment":[{"href":"https:\/\/staging.mittelalterkraemer.de\/index.php?rest_route=%2Fwp%2Fv2%2Fmedia&parent=272"}],"wp:term":[{"taxonomy":"product_cat","embeddable":true,"href":"https:\/\/staging.mittelalterkraemer.de\/index.php?rest_route=%2Fwp%2Fv2%2Fproduct_cat&post=272"},{"taxonomy":"product_tag","embeddable":true,"href":"https:\/\/staging.mittelalterkraemer.de\/index.php?rest_route=%2Fwp%2Fv2%2Fproduct_tag&post=272"}],"curies":[{"name":"wp","href":"https:\/\/api.w.org\/{rel}","templated":true}]}}