{"id":260,"date":"2020-09-25T12:25:32","date_gmt":"2020-09-25T12:25:32","guid":{"rendered":"https:\/\/staging.mittelalterkraemer.de\/?product=hochmittelalter-stoffpanzer-mit-angesetzten-handschuhen"},"modified":"2021-03-08T18:24:52","modified_gmt":"2021-03-08T16:24:52","slug":"hochmittelalter-stoffpanzer-mit-angesetzten-handschuhen","status":"publish","type":"product","link":"https:\/\/staging.mittelalterkraemer.de\/?product=hochmittelalter-stoffpanzer-mit-angesetzten-handschuhen","title":{"rendered":"Hochmittelalter &#8211; Stoffpanzer mit angesetzten Handschuhen"},"content":{"rendered":"<p>Dieses sehr spezielle, selten anzutreffende Einzelst\u00fcck mit angesetzten Handschuhen muss auf Ma\u00df angefertigt werden, damit die Handschuhe passen.<br \/>\nEs muss also mit einer Lieferzeit von 6 -12 Wochen gerechnet werden.<\/p>\n<p>Waren auf Ma\u00df sind vom Umtausch ausgeschlossen.<br \/>\nEine Tabelle f\u00fcr die erforderlichen Ma\u00dfe wird von uns nach Zahlungseingang versendet.<\/p>\n<p><b>Dieses Exemplar ist in der typischen L\u00e4nge gefertigt und besteht aus Leinen, innen durch mehrere Lagen aufgepolstert. Er wird \u00fcber den Kopf gezogen und kann am Hals mit zwei Kn\u00f6pfen verschlossen werden. An den Achseln und in den Ellenbeugen ist die Polsterung nicht so dick damit die Bewegung in dieser schweren R\u00fcstung nicht allzu sehr eingeschr\u00e4nkt ist.<\/b><\/p>\n<p>Dieser Sarrock hat angesetzte Handschuhe, damals durchaus \u00fcblich, aber bei Mittelalterdarstellern sehr selten zu sehen.<\/p>\n<p>Wie gesagt, dieser Stoffpanzer ist auf mehreren Lagen Leinenstoff und Vlies und daher dicker als<br \/>\nviele andere erh\u00e4ltliche (3 Lagen Vlies am K\u00f6rper, 2 an den Armen, eine in den Ellenbeugen und unter den Achseln). Die \u00e4u\u00dfere Leinenschicht ist mit einer unsichtbaren Baumwollschicht verst\u00e4rkt. Er bringt es alleine auf rund 5 Kilo, ist daher auch durchaus &#8220;Schau&#8221;kampftauglich.<\/p>\n<p>&nbsp;<\/p>\n<p>Ein Stoffpanzer wie er in der Maciejowski Bibel oder im Codex Manesse (Seite 122) abgebildet ist und \u00fcber das<br \/>\nganze Hochmittelalter \u00fcblich war.<br \/>\nEin Abbildung dieser Version mit angesetzten Handschuhen findet ihr in der Maciejowski Bibel (Folio 3 verso)<\/p>\n<p>Stoffpanzerungen bzw. in unserem Sprachraum Sarr\u00f6cke sind die g\u00e4ngigste Art eines Kriegers sich zu<br \/>\nsch\u00fctzen.<\/p>\n<p>In diesem Fall handelt es sich genaugenommen um einen Aketon, nicht um einen &#8220;Gambeson&#8221; der sich aber als Begriff im allgemeinen Sprachgebrauch durchsetzte. Gambeson hatten eine rautenf\u00f6rmige Steppung da in sie Material wie Pferdehaar und dergleichen eingen\u00e4ht war. Bei der parallelen Steppung der Aketons w\u00fcrde dieses Material verrutschen, da Aketons aus mehreren Schichten Stoff bestehen ist dies aber kein Problem.<\/p>\n<p>Aketons sind also die einfachste M\u00f6glichkeit sich zu sch\u00fctzen.<br \/>\nKettenhemden waren im Hochmittelalter noch selten und selbst als Tr\u00e4ger eines Kettenhemdes Bedarf es eines Stoffpanzers, der vor den viel schlimmeren Br\u00fcchen und Platzwunden sch\u00fctzt. Schnitte, vor denen ein Kettenhemd sch\u00fctzte waren vergleichsweise harmlose Verletzungen, weil sie gut wieder verheilten. Die angesetzten Handschuhe boten weiteren Schutz, vor die empfindlichen H\u00e4nde auch vor der eigenen Panzerung.<\/p>\n<p>Ein entsprechender <a href=\"https:\/\/staging.mittelalterkraemer.de\/?product=polsterhaube-mit-kragen\"><u>Polsterhut mit Kragen <\/u><\/a>oder eine <a href=\"https:\/\/staging.mittelalterkraemer.de\/?product=polsterhaube\"><u>Haube<\/u><\/a> die diesen Stoffpanzer vervollst\u00e4ndigen findet ihr auch hier im Shop.<\/p>\n<p><span style=\"font-size: 75%;\">Dekorationsartikel geh\u00f6ren nicht zum Lieferumfang<\/span><\/p>\n<p><span style=\"font-size: 75%;\">*Ma\u00dfgefertigte Produkte werden individuell auf vom Kunden zur Verf\u00fcgung gestellten Ma\u00dfen angefertigt. Die entsprechende Ma\u00dftabelle wird nach Bestellung an die angegebene E-Mail-Adresse versendet. Die Ma\u00dfe m\u00fcssen so genommen werden wie die Kleidung nachher getragen werden soll, also mit entsprechender Unterw\u00e4sche\/-kleidung, falls gew\u00fcnscht. Ma\u00dfgefertigte Waren sind vom Umtausch ausgeschlossen.<\/span><\/p>\n<p><span style=\"font-size: 75%;\">**Komplett handvern\u00e4ht bedeutet dass alle N\u00e4hte von Hand vern\u00e4ht werden, inklusive aller sichtbaren und unsichtbaren N\u00e4hte.<\/span><\/p>\n","protected":false},"excerpt":{"rendered":"<p>Dieses sehr spezielle, selten anzutreffende Einzelst\u00fcck mit angesetzten Handschuhen muss auf Ma\u00df angefertigt werden, damit die Handschuhe passen. Es muss also mit einer Lieferzeit von 6 -12 Wochen gerechnet werden. Waren auf Ma\u00df sind vom Umtausch ausgeschlossen. Eine Tabelle f\u00fcr die erforderlichen Ma\u00dfe wird von uns nach Zahlungseingang versendet. Dieses Exemplar ist in der typischen [&#8230;]\n","protected":false},"featured_media":261,"comment_status":"open","ping_status":"closed","template":"","meta":[],"product_cat":[76,97],"product_tag":[],"class_list":{"0":"post-260","1":"product","2":"type-product","3":"status-publish","4":"has-post-thumbnail","6":"product_cat-ruestzeug-trainingszubehoer-schilde","7":"product_cat-stoffpanzerung-gambeson-ruestzeug","8":"product_shipping_class-stdversand","9":"tm-has-options","11":"first","12":"instock","13":"taxable","14":"shipping-taxable","15":"purchasable","16":"product-type-simple"},"_links":{"self":[{"href":"https:\/\/staging.mittelalterkraemer.de\/index.php?rest_route=\/wp\/v2\/product\/260","targetHints":{"allow":["GET"]}}],"collection":[{"href":"https:\/\/staging.mittelalterkraemer.de\/index.php?rest_route=\/wp\/v2\/product"}],"about":[{"href":"https:\/\/staging.mittelalterkraemer.de\/index.php?rest_route=\/wp\/v2\/types\/product"}],"replies":[{"embeddable":true,"href":"https:\/\/staging.mittelalterkraemer.de\/index.php?rest_route=%2Fwp%2Fv2%2Fcomments&post=260"}],"wp:featuredmedia":[{"embeddable":true,"href":"https:\/\/staging.mittelalterkraemer.de\/index.php?rest_route=\/wp\/v2\/media\/261"}],"wp:attachment":[{"href":"https:\/\/staging.mittelalterkraemer.de\/index.php?rest_route=%2Fwp%2Fv2%2Fmedia&parent=260"}],"wp:term":[{"taxonomy":"product_cat","embeddable":true,"href":"https:\/\/staging.mittelalterkraemer.de\/index.php?rest_route=%2Fwp%2Fv2%2Fproduct_cat&post=260"},{"taxonomy":"product_tag","embeddable":true,"href":"https:\/\/staging.mittelalterkraemer.de\/index.php?rest_route=%2Fwp%2Fv2%2Fproduct_tag&post=260"}],"curies":[{"name":"wp","href":"https:\/\/api.w.org\/{rel}","templated":true}]}}