{"id":561,"date":"2020-09-25T12:33:59","date_gmt":"2020-09-25T12:33:59","guid":{"rendered":"https:\/\/staging.mittelalterkraemer.de\/?page_id=561"},"modified":"2021-02-05T10:06:38","modified_gmt":"2021-02-05T08:06:38","slug":"impressum","status":"publish","type":"page","link":"https:\/\/staging.mittelalterkraemer.de\/?page_id=561","title":{"rendered":"Impressum"},"content":{"rendered":"\n<p><span class=\"Haendlerbund_Rechtstext_Absatz\"><strong><span class=\"Haendlerbund_Rechtstext_Paragraph\"><span class=\"Haendlerbund_Rechtstext_Titel\">Impressum<\/span><br \/><br \/><span class=\"Haendlerbund_Rechtstext_Untertitel\">Gesetzliche Anbieterkennung:<\/span><\/span><\/strong><\/span><br \/><br \/><strong><span class=\"Haendlerbund_Rechtstext_Absatz\">Maik Hartmann<\/span><br \/><span class=\"Haendlerbund_Rechtstext_Absatz\">Mittelalterkr\u00e4mer<\/span><br \/><span class=\"Haendlerbund_Rechtstext_Absatz\">Hainburgstra\u00dfe 17<br \/>72415 Grosselfingen<br \/>Deutschland<br \/>Telefon: 01705206576<\/span><br \/><span class=\"Haendlerbund_Rechtstext_Absatz\">E-Mail:\u00a0<\/span><\/strong><strong><span class=\"Haendlerbund_Rechtstext_Absatz\">info@mittelalterkraemer.de<\/span><\/strong><strong><br \/><span class=\"Haendlerbund_Rechtstext_Absatz\">USt-IdNr.: DE815850567<\/span><\/strong><br \/><br \/><br \/><br \/><br \/><br \/><span class=\"Haendlerbund_Rechtstext_Absatz\"><strong>Alternative Streitbeilegung:<\/strong><br \/>Die Europ\u00e4ische Kommission stellt eine Plattform f\u00fcr die au\u00dfergerichtliche Online-Streitbeilegung (OS-Plattform) bereit, aufrufbar unter\u00a0<\/span><a href=\"https:\/\/ec.europa.eu\/consumers\/odr\" target=\"_blank\" rel=\"noopener\">https:\/\/ec.europa.eu\/odr<\/a><span class=\"Haendlerbund_Rechtstext_Absatz\">.<\/span><br \/><br \/><span class=\"Haendlerbund_Rechtstext_Absatz\"><strong>Wir sind seit\u00a0<\/strong><\/span><span class=\"Haendlerbund_Rechtstext_Absatz\"><strong>03.12.2015\u00a0<\/strong><\/span><span class=\"Haendlerbund_Rechtstext_Absatz\"><strong>Mitglied der Initiative &#8220;FairCommerce&#8221;.<\/strong><br \/>N\u00e4here Informationen hierzu finden Sie unter\u00a0<\/span><a href=\"https:\/\/www.fair-commerce.de\/\" target=\"_blank\" rel=\"noopener\">www.fair-commerce.de<\/a><span class=\"Haendlerbund_Rechtstext_Absatz\">.<\/span><\/p>\n\n","protected":false},"excerpt":{"rendered":"","protected":false},"author":1,"featured_media":0,"parent":0,"menu_order":0,"comment_status":"closed","ping_status":"closed","template":"","meta":{"footnotes":""},"class_list":["post-561","page","type-page","status-publish","hentry"],"_links":{"self":[{"href":"https:\/\/staging.mittelalterkraemer.de\/index.php?rest_route=\/wp\/v2\/pages\/561","targetHints":{"allow":["GET"]}}],"collection":[{"href":"https:\/\/staging.mittelalterkraemer.de\/index.php?rest_route=\/wp\/v2\/pages"}],"about":[{"href":"https:\/\/staging.mittelalterkraemer.de\/index.php?rest_route=\/wp\/v2\/types\/page"}],"author":[{"embeddable":true,"href":"https:\/\/staging.mittelalterkraemer.de\/index.php?rest_route=\/wp\/v2\/users\/1"}],"replies":[{"embeddable":true,"href":"https:\/\/staging.mittelalterkraemer.de\/index.php?rest_route=%2Fwp%2Fv2%2Fcomments&post=561"}],"version-history":[{"count":1,"href":"https:\/\/staging.mittelalterkraemer.de\/index.php?rest_route=\/wp\/v2\/pages\/561\/revisions"}],"predecessor-version":[{"id":9106,"href":"https:\/\/staging.mittelalterkraemer.de\/index.php?rest_route=\/wp\/v2\/pages\/561\/revisions\/9106"}],"wp:attachment":[{"href":"https:\/\/staging.mittelalterkraemer.de\/index.php?rest_route=%2Fwp%2Fv2%2Fmedia&parent=561"}],"curies":[{"name":"wp","href":"https:\/\/api.w.org\/{rel}","templated":true}]}}